{"id":2906,"date":"2023-12-21T09:28:35","date_gmt":"2023-12-21T08:28:35","guid":{"rendered":"https:\/\/www.cellactiva.com\/at-de\/?page_id=2906"},"modified":"2023-12-21T09:31:31","modified_gmt":"2023-12-21T08:31:31","slug":"impressum","status":"publish","type":"page","link":"https:\/\/www.cellactiva.com\/at-de\/impressum\/","title":{"rendered":"Impressum"},"content":{"rendered":"<p>[et_pb_section fb_built=&#8220;1&#8243; _builder_version=&#8220;4.18.0&#8243; _module_preset=&#8220;default&#8220; global_colors_info=&#8220;{}&#8220;][et_pb_row _builder_version=&#8220;4.18.1&#8243; _module_preset=&#8220;default&#8220; global_colors_info=&#8220;{}&#8220;][et_pb_column type=&#8220;4_4&#8243; _builder_version=&#8220;4.18.1&#8243; _module_preset=&#8220;default&#8220; global_colors_info=&#8220;{}&#8220;][et_pb_text _builder_version=&#8220;4.18.1&#8243; _module_preset=&#8220;default&#8220; global_colors_info=&#8220;{}&#8220;]<\/p>\n<h1 style=\"text-align: center;\">Impressum<\/h1>\n<p>[\/et_pb_text][\/et_pb_column][\/et_pb_row][et_pb_row column_structure=&#8220;2_5,3_5&#8243; _builder_version=&#8220;4.18.1&#8243; _module_preset=&#8220;default&#8220; global_colors_info=&#8220;{}&#8220;][et_pb_column type=&#8220;2_5&#8243; _builder_version=&#8220;4.18.1&#8243; _module_preset=&#8220;default&#8220; border_radii=&#8220;off|10px|0px|0px|10px&#8220; global_colors_info=&#8220;{}&#8220;][et_pb_image src=&#8220;https:\/\/www.cellactiva.com\/at-de\/wp-content\/uploads\/sites\/4\/2022\/11\/cellactiva_Impressum__rr.jpg&#8220; title_text=&#8220;cellactiva_Impressum__rr&#8220; _builder_version=&#8220;4.19.0&#8243; _module_preset=&#8220;default&#8220; border_radii=&#8220;on|10px|10px|10px|10px&#8220; global_colors_info=&#8220;{}&#8220;][\/et_pb_image][\/et_pb_column][et_pb_column type=&#8220;3_5&#8243; _builder_version=&#8220;4.18.1&#8243; _module_preset=&#8220;default&#8220; border_radii=&#8220;off|0px|10px|10px|0px&#8220; global_colors_info=&#8220;{}&#8220;][et_pb_text _builder_version=&#8220;4.23.1&#8243; _module_preset=&#8220;default&#8220; global_colors_info=&#8220;{}&#8220;]<\/p>\n<p><strong>Angaben gem\u00e4\u00df \u00a7 5 TMG<\/strong><\/p>\n<p>cellactiva GmbH<br \/>Villinger Strasse 109<br \/>78166 Donaueschingen<\/p>\n<p><strong>Kontakt<\/strong><\/p>\n<p>Telefon: +49 (0) 771 896 599 24<br \/>E-Mail: info@cellactiva.com<strong>\u00a0<\/strong><\/p>\n<p><strong>Steueridentifikations-Nummer<\/strong><\/p>\n<p>63 029 470 583<\/p>\n<p><strong>Verantwortlich f\u00fcr den Inhalt nach \u00a7 55 Abs. 2 RStV<\/strong><\/p>\n<p>Petra Falke<br \/>Villinger Strasse 109<br \/>D-78166 Donaueschingen<strong>\u00a0<\/strong><\/p>\n<p><strong>Hinweis zu den Heilberufen<\/strong><\/p>\n<p>Wir sind keine \u00c4rzte oder Heilpraktiker, erstellen keine Diagnosen und geben keine Heilungsversprechen ab. Die Angebote auf dieser Homepage ersetzen nicht den Besuch bei einem Arzt oder seine Medikation.<strong>\u00a0<\/strong><\/p>\n<p><strong>Keine Abmahnung ohne vorherige Kontaktaufnahme<\/strong><\/p>\n<p>Im Falle von wettbewerbsrechtlichen, domainrechtlichen, urheberrechtlichen oder \u00e4hnlichen Problemen bitten wir Sie, uns zur Vermeidung unn\u00f6tiger Rechtsstreite und Kosten bereits im Vorfeld zu kontaktieren. Wir garantieren, dass zu Recht beanstandete Passagen unverz\u00fcglich entfernt werden, ohne dass von Ihrer Seite die Einschaltung eines Rechtsbeistandes erforderlich ist. Die Kostennote einer anwaltlichen Abmahnung ohne vorhergehende Kontaktaufnahme mit uns wird im Sinne der Schadensminderungspflicht als unbegr\u00fcndet zur\u00fcckgewiesen und gegebenenfalls Gegenklage wegen Verletzung vorgenannter Bestimmungen erhoben.<strong>\u00a0<\/strong><\/p>\n<p><strong>Streitschlichtung<\/strong><\/p>\n<p>Die Europ\u00e4ische Kommission stellt eine Plattform zur Online-Streitbeilegung (OS) bereit:\u00a0<u><a href=\"https:\/\/ec.europa.eu\/consumers\/odr\">https:\/\/ec.europa.eu\/consumers\/odr<\/a><\/u>.<br \/>Unsere E-Mail-Adresse finden Sie oben im Impressum.<\/p>\n<p>Wir sind nicht bereit oder verpflichtet, an Streitbeilegungsverfahren vor einer Verbraucherschlichtungsstelle teilzunehmen.<strong>\u00a0<\/strong><\/p>\n<p><strong>Haftung f\u00fcr Inhalte<\/strong><\/p>\n<p>Die Inhalte unserer Seiten wurden mit gr\u00f6\u00dfter Sorgfalt erstellt. F\u00fcr die Richtigkeit, Vollst\u00e4ndigkeit und Aktualit\u00e4t der Inhalte k\u00f6nnen wir jedoch keine Gew\u00e4hr \u00fcbernehmen. Als Dienstanbieter sind wir gem\u00e4\u00df \u00a7 7 Abs.1 TMG f\u00fcr eigene Inhalte auf diesen Seiten nach den allgemeinen Gesetzen verantwortlich. Nach \u00a7\u00a7 8 bis 10 TMG sind wir als Dienstanbieter jedoch nicht verpflichtet, \u00fcbermittelte oder gespeicherte fremde Informationen zu \u00fcberwachen oder nach Umst\u00e4nden zu forschen, die auf eine rechtswidrige T\u00e4tigkeit hinweisen.<\/p>\n<p>Verpflichtungen zur Entfernung oder Sperrung der Nutzung von Informationen nach den allgemeinen Gesetzen bleiben hiervon unber\u00fchrt. Eine diesbez\u00fcgliche Haftung ist jedoch erst ab dem Zeitpunkt der Kenntnis einer konkreten Rechtsverletzung m\u00f6glich. Bei Bekanntwerden von entsprechenden Rechtsverletzungen werden wir diese Inhalte umgehend entfernen.<strong>\u00a0<\/strong><\/p>\n<p><strong>Haftung f\u00fcr Links<\/strong><\/p>\n<p>Unser Angebot enth\u00e4lt Links zu externen Websites Dritter, auf deren Inhalte wir keinen Einfluss haben. Deshalb k\u00f6nnen wir f\u00fcr diese fremden Inhalte auch keine Gew\u00e4hr \u00fcbernehmen. F\u00fcr die Inhalte der verlinkten Seiten ist stets der jeweilige Anbieter oder Betreiber der Seiten verantwortlich. Die verlinkten Seiten wurden zum Zeitpunkt der Verlinkung auf m\u00f6gliche Rechtsverst\u00f6\u00dfe \u00fcberpr\u00fcft. Rechtswidrige Inhalte waren zum Zeitpunkt der Verlinkung nicht erkennbar.<\/p>\n<p>Eine permanente inhaltliche Kontrolle der verlinkten Seiten ist jedoch ohne konkrete Anhaltspunkte einer Rechtsverletzung nicht zumutbar. Bei Bekanntwerden von Rechtsverletzungen werden wir derartige Links umgehend entfernen.<strong>\u00a0<\/strong><\/p>\n<p><strong>Urheberrecht<\/strong><\/p>\n<p>Die durch die Seitenbetreiber erstellten Inhalte und Werke auf diesen Seiten unterliegen dem deutschen Urheberrecht. Die Vervielf\u00e4ltigung, Bearbeitung, Verbreitung und jede Art der Verwertung au\u00dferhalb der Grenzen des Urheberrechtes bed\u00fcrfen der schriftlichen Zustimmung des jeweiligen Autors bzw. Erstellers. Downloads und Kopien dieser Seite sind nur f\u00fcr den privaten, nicht kommerziellen Gebrauch gestattet.<\/p>\n<p>Soweit die Inhalte auf dieser Seite nicht vom Betreiber erstellt wurden, werden die Urheberrechte Dritter beachtet. Insbesondere werden Inhalte Dritter als solche gekennzeichnet. Sollten Sie trotzdem auf eine Urheberrechtsverletzung aufmerksam werden, bitten wir um einen entsprechenden Hinweis. Bei Bekanntwerden von Rechtsverletzungen werden wir derartige Inhalte umgehend entfernen.<\/p>\n<p><strong>Verwendete Bilder<\/strong><\/p>\n<table width=\"0\">\n<tbody>\n<tr>\n<td width=\"306\"><strong>Men\u00fc Startseite<\/strong><\/td>\n<td width=\"133\"><strong>Agentur<\/strong><\/td>\n<td width=\"150\"><strong>Urheber<\/strong><\/td>\n<\/tr>\n<tr>\n<td>Sauerstoff ist der Quell des Lebens<\/td>\n<td>cellactiva<\/td>\n<td>cellactiva<\/td>\n<\/tr>\n<tr>\n<td>3 Therapien f\u00fcr mehr Sauerstoff<\/td>\n<td>cellactiva<\/td>\n<td>cellactiva<\/td>\n<\/tr>\n<tr>\n<td>Sauerstoff f\u00fcr alle Zellen<\/td>\n<td>dreamstime<\/td>\n<td>Piksel<\/td>\n<\/tr>\n<tr>\n<td>Physikalische Sauerstoff-Therapie<\/td>\n<td>cellactiva<\/td>\n<td>cellactiva<\/td>\n<\/tr>\n<tr>\n<td>Physikalische Gef\u00e4\u00dftherapie<\/td>\n<td>cellactiva<\/td>\n<td>cellactiva<\/td>\n<\/tr>\n<tr>\n<td>Vegetative Resonanz-Therapie<\/td>\n<td>cellactiva<\/td>\n<td>cellactiva<\/td>\n<\/tr>\n<tr>\n<td><\/td>\n<td><\/td>\n<td><\/td>\n<\/tr>\n<tr>\n<td>cellactiva 3.0 &#8211; einzigartig in der Qualit\u00e4t<\/td>\n<td>Fotolia<\/td>\n<td>klesign<\/td>\n<\/tr>\n<tr>\n<td>cellactiva 3.0 &#8211; \u00fcber 30 Jahre internationale Forschung<\/td>\n<td>Fotolia<\/td>\n<td>kurhan<\/td>\n<\/tr>\n<tr>\n<td><strong>Men\u00fc Funktion<\/strong><\/td>\n<td><strong>Agentur<\/strong><\/td>\n<td><strong>Urheber<\/strong><\/td>\n<\/tr>\n<tr>\n<td>Der abenteuerliche Weg des Sauerstoffs<\/td>\n<td>123RF<\/td>\n<td>Spectral<\/td>\n<\/tr>\n<tr>\n<td>Der Mensch funktioniert elektrisch<\/td>\n<td>Colourbox<\/td>\n<td>Sergey Nivens<\/td>\n<\/tr>\n<tr>\n<td>Mensch mit Blutkreislauf<\/td>\n<td>Fotolia<\/td>\n<td>psdesign1<\/td>\n<\/tr>\n<tr>\n<td>Der Mensch und seine Atome<\/td>\n<td>istockphoto<\/td>\n<td>koya79<\/td>\n<\/tr>\n<tr>\n<td>\u00dcber elektrischen Strom und Elektromagnetismus<\/td>\n<td>Fotolia<\/td>\n<td>Maxim_Kazmin<\/td>\n<\/tr>\n<tr>\n<td>Wie kommt die Energie in den Menschen?<\/td>\n<td>dreamstime<\/td>\n<td>Suriyaphoto<\/td>\n<\/tr>\n<tr>\n<td>Wie kommt der O2 in die Zelle?<\/td>\n<td>Fotolia<\/td>\n<td>BRN-Pixel<\/td>\n<\/tr>\n<tr>\n<td>Der Mensch und seine Zellen<\/td>\n<td>canstockphoto<\/td>\n<td>Eraxion<\/td>\n<\/tr>\n<tr>\n<td>Was ist Resonanz?<\/td>\n<td>pixabay<\/td>\n<td>geralt<\/td>\n<\/tr>\n<tr>\n<td>Frequenzen und ihre Funktionen<\/td>\n<td>123RF<\/td>\n<td>Bram Janssens<\/td>\n<\/tr>\n<tr>\n<td>Unterst\u00fctzung des Ionen-Transport durch cellactiva<\/td>\n<td>cellactiva<\/td>\n<td>cellactiva<\/td>\n<\/tr>\n<tr>\n<td><strong>Men\u00fc Wirkung<\/strong><\/td>\n<td><strong>Agentur<\/strong><\/td>\n<td><strong>Urheber<\/strong><\/td>\n<\/tr>\n<tr>\n<td>3 Therapien f\u00fcr mehr Sauerstoff<\/td>\n<td>fotolia<\/td>\n<td>bht2000<\/td>\n<\/tr>\n<tr>\n<td>Frequenzen und ihre Wirkungen<\/td>\n<td>fotolia<\/td>\n<td>mrspopman<\/td>\n<\/tr>\n<tr>\n<td>Erh\u00f6hter Sauerstofftransport<\/td>\n<td>Fotolia<\/td>\n<td>freshidea<\/td>\n<\/tr>\n<tr>\n<td>Gesteigerte Durchblutung<\/td>\n<td>123RF<\/td>\n<td>lightwise<\/td>\n<\/tr>\n<tr>\n<td>Vereinzelung der roten Blutk\u00f6rperchen<\/td>\n<td>Fotolia<\/td>\n<td>freshidea<\/td>\n<\/tr>\n<tr>\n<td>Weitung der Blutgef\u00e4\u00dfe<\/td>\n<td>123RF<\/td>\n<td>Andrey Ugadchikov<\/td>\n<\/tr>\n<tr>\n<td>Aktive Elektrosmog-Abschirmung<\/td>\n<td>Fotolia<\/td>\n<td>psdesign1<\/td>\n<\/tr>\n<tr>\n<td>Akute Schmerzbehandlung<\/td>\n<td>123RF<\/td>\n<td>alexmit<\/td>\n<\/tr>\n<tr>\n<td>Lockerung der Muskulatur<\/td>\n<td>123RF<\/td>\n<td>szefei<\/td>\n<\/tr>\n<tr>\n<td>Schlafprogramm<\/td>\n<td>istockphoto<\/td>\n<td>michaeljung<\/td>\n<\/tr>\n<tr>\n<td>Wie k\u00f6nnen Sie die Wirkung von cell<em>activa<\/em>\u00a0verst\u00e4rken?<\/td>\n<td>istockphoto<\/td>\n<td>Serg_Velusceac<\/td>\n<\/tr>\n<tr>\n<td>Gegenanzeigen<\/td>\n<td>Fotolia<\/td>\n<td>lassedesignen<\/td>\n<\/tr>\n<tr>\n<td>Keine bekannten Nebenwirkungen<\/td>\n<td>123RF<\/td>\n<td>Dusit Panyakhom<\/td>\n<\/tr>\n<tr>\n<td>Bei welchen Diagnosen kann ich cell<em>activa<\/em>\u00a0einsetzen?<\/td>\n<td>dreamstime<\/td>\n<td>Pablocalvog<\/td>\n<\/tr>\n<tr>\n<td>Zufriedenheit unserer Kunden<\/td>\n<td>Fotolia<\/td>\n<td>fotogestoeber<\/td>\n<\/tr>\n<tr>\n<td>Therapieerfolge<\/td>\n<td>Fotolia<\/td>\n<td>kurhan<\/td>\n<\/tr>\n<tr>\n<td><strong>Menu Programme<\/strong><\/td>\n<td><strong>Agentur<\/strong><\/td>\n<td><strong>Urheber<\/strong><\/td>\n<\/tr>\n<tr>\n<td><\/td>\n<td><\/td>\n<td><\/td>\n<\/tr>\n<tr>\n<td><\/td>\n<td><\/td>\n<td><\/td>\n<\/tr>\n<tr>\n<td><\/td>\n<td><\/td>\n<td><\/td>\n<\/tr>\n<tr>\n<td><strong>Menu Wissenschaft<\/strong><\/td>\n<td><strong>Agentur<\/strong><\/td>\n<td><strong>Urheber<\/strong><\/td>\n<\/tr>\n<tr>\n<td>cellactiva 3.0 &#8211; \u00fcber 30 Jahre internationale Forschung<\/td>\n<td>Fotolia<\/td>\n<td>kurhan<\/td>\n<\/tr>\n<tr>\n<td>Medizinische Studien<\/td>\n<td>istockphoto<\/td>\n<td>pinkomelet<\/td>\n<\/tr>\n<tr>\n<td>Wissenschaftliche Publikationen<\/td>\n<td>istockphoto<\/td>\n<td>peopleimages<\/td>\n<\/tr>\n<tr>\n<td>Die Anwendung in der Medizin<\/td>\n<td>istockphoto<\/td>\n<td>sanjeri<\/td>\n<\/tr>\n<tr>\n<td>Doppelblindstudie \u00fcber Gonarthrose<\/td>\n<td>istockphoto<\/td>\n<td>yodiyim<\/td>\n<\/tr>\n<tr>\n<td><strong>Menu Shop<\/strong><\/td>\n<td><strong>Agentur<\/strong><\/td>\n<td><strong>Urheber<\/strong><\/td>\n<\/tr>\n<tr>\n<td><\/td>\n<td><\/td>\n<td><\/td>\n<\/tr>\n<tr>\n<td><strong>Impressum<\/strong><\/td>\n<td><strong>Agentur<\/strong><\/td>\n<td><strong>Urheber<\/strong><\/td>\n<\/tr>\n<tr>\n<td>Impressum<\/td>\n<td>alamy<\/td>\n<td>BSIP SA<\/td>\n<\/tr>\n<tr>\n<td><strong>Datenschutzrichtlinien<\/strong><\/td>\n<td><strong>Agentur<\/strong><\/td>\n<td><strong>Urheber<\/strong><\/td>\n<\/tr>\n<tr>\n<td>Datenschutzrichtlinien<\/td>\n<td>123RF<\/td>\n<td>Dusit Panyakhom<\/td>\n<\/tr>\n<tr>\n<td><strong>Kontakt<\/strong><\/td>\n<td><strong>Agentur<\/strong><\/td>\n<td><strong>Urheber<\/strong><\/td>\n<\/tr>\n<tr>\n<td>Kontakt<\/td>\n<td>wordpress<\/td>\n<td>wordpress<\/td>\n<\/tr>\n<tr>\n<td><strong>\u00dcber uns<\/strong><\/td>\n<td><strong>Agentur<\/strong><\/td>\n<td><strong>Urheber<\/strong><\/td>\n<\/tr>\n<tr>\n<td>\u00dcber uns<\/td>\n<td>cellactiva<\/td>\n<td>cellactiva<\/td>\n<\/tr>\n<tr>\n<td><strong>FAQ<\/strong><\/td>\n<td><strong>Agentur<\/strong><\/td>\n<td><strong>Urheber<\/strong><\/td>\n<\/tr>\n<tr>\n<td>H\u00e4ufig gestellte Fragen<\/td>\n<td>dreamstime<\/td>\n<td>Pablocalvog<\/td>\n<\/tr>\n<tr>\n<td><strong>Erfolgsberichte<\/strong><\/td>\n<td><strong>Agentur<\/strong><\/td>\n<td><strong>Urheber<\/strong><\/td>\n<\/tr>\n<tr>\n<td>Ihre Erfolgsberichte<\/td>\n<td>Fotolia<\/td>\n<td>fotogestoeber<\/td>\n<\/tr>\n<tr>\n<td><strong>Mein Erfolgsbericht<\/strong><\/td>\n<td><strong>Agentur<\/strong><\/td>\n<td><strong>Urheber<\/strong><\/td>\n<\/tr>\n<tr>\n<td>Mein Erfolgsbericht<\/td>\n<td>123RF<\/td>\n<td>Dusit Panyakhom<\/td>\n<\/tr>\n<tr>\n<td><strong>Downloads<\/strong><\/td>\n<td><strong>Agentur<\/strong><\/td>\n<td><strong>Urheber<\/strong><\/td>\n<\/tr>\n<tr>\n<td>Downloads<\/td>\n<td>wordpress<\/td>\n<td>wordpress<\/td>\n<\/tr>\n<\/tbody>\n<\/table>\n<p>Bei allen anderen Bildern und Grafiken sind die Namen der Agenturen und der jeweiligen Fotografen direkt an den Bildern vermerkt.<\/p>\n<p>Quelle:\u00a0<em><u><a href=\"http:\/\/www.e-recht24.de\/impressum-generator.html\">http:\/\/www.e-recht24.de<\/a><\/u><\/em><\/p>\n<p>&nbsp;<\/p>\n<p><strong>Site Notice<\/strong><\/p>\n<p><strong>Information provided according to Sec. 5 German Telemedia Act (TMG)<\/strong><\/p>\n<p>cellactiva GmbH<br \/>Villinger Strasse 109<br \/>D-78166 Donaueschingen<strong>\u00a0<\/strong><\/p>\n<p><strong>Contact<\/strong><\/p>\n<p>Telephone: +49 (0) 771 896 599 24<br \/>Email: info@cellactiva.com<strong>\u00a0<\/strong><\/p>\n<p><strong>Tax ID No.<\/strong><\/p>\n<p>63 029 470 583<\/p>\n<p><strong>Responsible for contents acc. to Sec. 55, para. 2 German Federal Broadcasting Agreement (RstV)<\/strong><\/p>\n<p>Petra Falke<br \/>Villinger Strasse 109<br \/>D-78166 Donaueschingen<\/p>\n<p><strong>Dispute resolution<\/strong><\/p>\n<p>The European Commission provides a platform for online dispute resolution (OS):\u00a0<u><a href=\"https:\/\/ec.europa.eu\/consumers\/odr\">https:\/\/ec.europa.eu\/consumers\/odr<\/a><\/u>.<br \/>Please find our email in the impressum\/legal notice.<\/p>\n<p>We do not take part in online dispute resolutions at consumer arbitration boards.<\/p>\n<p><strong>Liability for Contents<\/strong><\/p>\n<p>As service providers, we are liable for own contents of these websites according to Sec. 7, paragraph 1 German Telemedia Act (TMG). However, according to Sec. 8 to 10 German Telemedia Act (TMG), service providers are not obligated to permanently monitor submitted or stored information or to search for evidences that indicate illegal activities.<\/p>\n<p>Legal obligations to removing information or to blocking the use of information remain unchallenged. In this case, liability is only possible at the time of knowledge about a specific violation of law. Illegal contents will be removed immediately at the time we get knowledge of them.<\/p>\n<p><strong>Liability for Links<\/strong><\/p>\n<p>Our offer includes links to external third party websites. We have no influence on the contents of those websites, therefore we cannot guarantee for those contents. Providers or administrators of linked websites are always responsible for their own contents.<\/p>\n<p>The linked websites had been checked for possible violations of law at the time of the establishment of the link. Illegal contents were not detected at the time of the linking. A permanent monitoring of the contents of linked websites cannot be imposed without reasonable indications that there has been a violation of law. Illegal links will be removed immediately at the time we get knowledge of them.<\/p>\n<p><strong>Copyright<\/strong><\/p>\n<p>Contents and compilations published on these websites by the providers are subject to German copyright laws. Reproduction, editing, distribution as well as the use of any kind outside the scope of the copyright law require a written permission of the author or originator. Downloads and copies of these websites are permitted for private use only.<br \/>The commercial use of our contents without permission of the originator is prohibited.<\/p>\n<p>Copyright laws of third parties are respected as long as the contents on these websites do not originate from the provider. Contributions of third parties on this site are indicated as such. However, if you notice any violations of copyright law, please inform us. Such contents will be removed immediately.<\/p>\n<p>Source:\u00a0<em><u><a href=\"http:\/\/www.e-recht24.de\/impressum-generator.html\">http:\/\/www.e-recht24.de<\/a><\/u><\/em><\/p>\n<p>[\/et_pb_text][\/et_pb_column][\/et_pb_row][\/et_pb_section]<\/p>\n","protected":false},"excerpt":{"rendered":"<p>ImpressumAngaben gem\u00e4\u00df \u00a7 5 TMG cellactiva GmbHVillinger Strasse 10978166 Donaueschingen Kontakt Telefon: +49 (0) 771 896 599 24E-Mail: info@cellactiva.com\u00a0 Steueridentifikations-Nummer 63 029 470 583 Verantwortlich f\u00fcr den Inhalt nach \u00a7 55 Abs. 2 RStV Petra FalkeVillinger Strasse 109D-78166 Donaueschingen\u00a0 Hinweis zu den Heilberufen Wir sind keine \u00c4rzte oder Heilpraktiker, erstellen keine Diagnosen und geben keine [&hellip;]<\/p>\n","protected":false},"author":3,"featured_media":0,"parent":0,"menu_order":0,"comment_status":"closed","ping_status":"closed","template":"","meta":{"_acf_changed":false,"_et_pb_use_builder":"on","_et_pb_old_content":"","_et_gb_content_width":"","footnotes":""},"class_list":["post-2906","page","type-page","status-publish","hentry"],"acf":[],"yoast_head":"<!-- This site is optimized with the Yoast SEO plugin v25.3 - https:\/\/yoast.com\/wordpress\/plugins\/seo\/ -->\n<title>Impressum - cellactiva at-DE<\/title>\n<meta name=\"robots\" content=\"noindex, follow, max-snippet:-1, max-image-preview:large, max-video-preview:-1\" \/>\n<meta property=\"og:locale\" content=\"de_DE\" \/>\n<meta property=\"og:type\" content=\"article\" \/>\n<meta property=\"og:title\" content=\"Impressum - cellactiva at-DE\" \/>\n<meta property=\"og:description\" content=\"ImpressumAngaben gem\u00e4\u00df \u00a7 5 TMG cellactiva GmbHVillinger Strasse 10978166 Donaueschingen Kontakt Telefon: +49 (0) 771 896 599 24E-Mail: info@cellactiva.com\u00a0 Steueridentifikations-Nummer 63 029 470 583 Verantwortlich f\u00fcr den Inhalt nach \u00a7 55 Abs. 2 RStV Petra FalkeVillinger Strasse 109D-78166 Donaueschingen\u00a0 Hinweis zu den Heilberufen Wir sind keine \u00c4rzte oder Heilpraktiker, erstellen keine Diagnosen und geben keine [&hellip;]\" \/>\n<meta property=\"og:url\" content=\"https:\/\/www.cellactiva.com\/at-de\/impressum\/\" \/>\n<meta property=\"og:site_name\" content=\"cellactiva at-DE\" \/>\n<meta property=\"article:modified_time\" content=\"2023-12-21T08:31:31+00:00\" \/>\n<meta name=\"twitter:card\" content=\"summary_large_image\" \/>\n<script type=\"application\/ld+json\" class=\"yoast-schema-graph\">{\"@context\":\"https:\/\/schema.org\",\"@graph\":[{\"@type\":\"WebPage\",\"@id\":\"https:\/\/www.cellactiva.com\/at-de\/impressum\/\",\"url\":\"https:\/\/www.cellactiva.com\/at-de\/impressum\/\",\"name\":\"Impressum - cellactiva at-DE\",\"isPartOf\":{\"@id\":\"https:\/\/www.cellactiva.com\/at-de\/#website\"},\"datePublished\":\"2023-12-21T08:28:35+00:00\",\"dateModified\":\"2023-12-21T08:31:31+00:00\",\"breadcrumb\":{\"@id\":\"https:\/\/www.cellactiva.com\/at-de\/impressum\/#breadcrumb\"},\"inLanguage\":\"de\",\"potentialAction\":[{\"@type\":\"ReadAction\",\"target\":[\"https:\/\/www.cellactiva.com\/at-de\/impressum\/\"]}]},{\"@type\":\"BreadcrumbList\",\"@id\":\"https:\/\/www.cellactiva.com\/at-de\/impressum\/#breadcrumb\",\"itemListElement\":[{\"@type\":\"ListItem\",\"position\":1,\"name\":\"Startseite\",\"item\":\"https:\/\/www.cellactiva.com\/at-de\/\"},{\"@type\":\"ListItem\",\"position\":2,\"name\":\"Impressum\"}]},{\"@type\":\"WebSite\",\"@id\":\"https:\/\/www.cellactiva.com\/at-de\/#website\",\"url\":\"https:\/\/www.cellactiva.com\/at-de\/\",\"name\":\"cellactiva at-DE\",\"description\":\"Bio-Physikalische Gef\u00e4\u00dftherapie\",\"publisher\":{\"@id\":\"https:\/\/www.cellactiva.com\/at-de\/#organization\"},\"potentialAction\":[{\"@type\":\"SearchAction\",\"target\":{\"@type\":\"EntryPoint\",\"urlTemplate\":\"https:\/\/www.cellactiva.com\/at-de\/?s={search_term_string}\"},\"query-input\":{\"@type\":\"PropertyValueSpecification\",\"valueRequired\":true,\"valueName\":\"search_term_string\"}}],\"inLanguage\":\"de\"},{\"@type\":\"Organization\",\"@id\":\"https:\/\/www.cellactiva.com\/at-de\/#organization\",\"name\":\"cellactiva at-DE\",\"url\":\"https:\/\/www.cellactiva.com\/at-de\/\",\"logo\":{\"@type\":\"ImageObject\",\"inLanguage\":\"de\",\"@id\":\"https:\/\/www.cellactiva.com\/at-de\/#\/schema\/logo\/image\/\",\"url\":\"https:\/\/www.cellactiva.com\/at-de\/wp-content\/uploads\/sites\/4\/2022\/10\/cellactiva_Logo_Schrift_.png\",\"contentUrl\":\"https:\/\/www.cellactiva.com\/at-de\/wp-content\/uploads\/sites\/4\/2022\/10\/cellactiva_Logo_Schrift_.png\",\"width\":361,\"height\":54,\"caption\":\"cellactiva at-DE\"},\"image\":{\"@id\":\"https:\/\/www.cellactiva.com\/at-de\/#\/schema\/logo\/image\/\"}}]}<\/script>\n<!-- \/ Yoast SEO plugin. -->","yoast_head_json":{"title":"Impressum - cellactiva at-DE","robots":{"index":"noindex","follow":"follow","max-snippet":"max-snippet:-1","max-image-preview":"max-image-preview:large","max-video-preview":"max-video-preview:-1"},"og_locale":"de_DE","og_type":"article","og_title":"Impressum - cellactiva at-DE","og_description":"ImpressumAngaben gem\u00e4\u00df \u00a7 5 TMG cellactiva GmbHVillinger Strasse 10978166 Donaueschingen Kontakt Telefon: +49 (0) 771 896 599 24E-Mail: info@cellactiva.com\u00a0 Steueridentifikations-Nummer 63 029 470 583 Verantwortlich f\u00fcr den Inhalt nach \u00a7 55 Abs. 2 RStV Petra FalkeVillinger Strasse 109D-78166 Donaueschingen\u00a0 Hinweis zu den Heilberufen Wir sind keine \u00c4rzte oder Heilpraktiker, erstellen keine Diagnosen und geben keine [&hellip;]","og_url":"https:\/\/www.cellactiva.com\/at-de\/impressum\/","og_site_name":"cellactiva at-DE","article_modified_time":"2023-12-21T08:31:31+00:00","twitter_card":"summary_large_image","schema":{"@context":"https:\/\/schema.org","@graph":[{"@type":"WebPage","@id":"https:\/\/www.cellactiva.com\/at-de\/impressum\/","url":"https:\/\/www.cellactiva.com\/at-de\/impressum\/","name":"Impressum - cellactiva at-DE","isPartOf":{"@id":"https:\/\/www.cellactiva.com\/at-de\/#website"},"datePublished":"2023-12-21T08:28:35+00:00","dateModified":"2023-12-21T08:31:31+00:00","breadcrumb":{"@id":"https:\/\/www.cellactiva.com\/at-de\/impressum\/#breadcrumb"},"inLanguage":"de","potentialAction":[{"@type":"ReadAction","target":["https:\/\/www.cellactiva.com\/at-de\/impressum\/"]}]},{"@type":"BreadcrumbList","@id":"https:\/\/www.cellactiva.com\/at-de\/impressum\/#breadcrumb","itemListElement":[{"@type":"ListItem","position":1,"name":"Startseite","item":"https:\/\/www.cellactiva.com\/at-de\/"},{"@type":"ListItem","position":2,"name":"Impressum"}]},{"@type":"WebSite","@id":"https:\/\/www.cellactiva.com\/at-de\/#website","url":"https:\/\/www.cellactiva.com\/at-de\/","name":"cellactiva at-DE","description":"Bio-Physikalische Gef\u00e4\u00dftherapie","publisher":{"@id":"https:\/\/www.cellactiva.com\/at-de\/#organization"},"potentialAction":[{"@type":"SearchAction","target":{"@type":"EntryPoint","urlTemplate":"https:\/\/www.cellactiva.com\/at-de\/?s={search_term_string}"},"query-input":{"@type":"PropertyValueSpecification","valueRequired":true,"valueName":"search_term_string"}}],"inLanguage":"de"},{"@type":"Organization","@id":"https:\/\/www.cellactiva.com\/at-de\/#organization","name":"cellactiva at-DE","url":"https:\/\/www.cellactiva.com\/at-de\/","logo":{"@type":"ImageObject","inLanguage":"de","@id":"https:\/\/www.cellactiva.com\/at-de\/#\/schema\/logo\/image\/","url":"https:\/\/www.cellactiva.com\/at-de\/wp-content\/uploads\/sites\/4\/2022\/10\/cellactiva_Logo_Schrift_.png","contentUrl":"https:\/\/www.cellactiva.com\/at-de\/wp-content\/uploads\/sites\/4\/2022\/10\/cellactiva_Logo_Schrift_.png","width":361,"height":54,"caption":"cellactiva at-DE"},"image":{"@id":"https:\/\/www.cellactiva.com\/at-de\/#\/schema\/logo\/image\/"}}]}},"_links":{"self":[{"href":"https:\/\/www.cellactiva.com\/at-de\/wp-json\/wp\/v2\/pages\/2906","targetHints":{"allow":["GET"]}}],"collection":[{"href":"https:\/\/www.cellactiva.com\/at-de\/wp-json\/wp\/v2\/pages"}],"about":[{"href":"https:\/\/www.cellactiva.com\/at-de\/wp-json\/wp\/v2\/types\/page"}],"author":[{"embeddable":true,"href":"https:\/\/www.cellactiva.com\/at-de\/wp-json\/wp\/v2\/users\/3"}],"replies":[{"embeddable":true,"href":"https:\/\/www.cellactiva.com\/at-de\/wp-json\/wp\/v2\/comments?post=2906"}],"version-history":[{"count":3,"href":"https:\/\/www.cellactiva.com\/at-de\/wp-json\/wp\/v2\/pages\/2906\/revisions"}],"predecessor-version":[{"id":2909,"href":"https:\/\/www.cellactiva.com\/at-de\/wp-json\/wp\/v2\/pages\/2906\/revisions\/2909"}],"wp:attachment":[{"href":"https:\/\/www.cellactiva.com\/at-de\/wp-json\/wp\/v2\/media?parent=2906"}],"curies":[{"name":"wp","href":"https:\/\/api.w.org\/{rel}","templated":true}]}}