{"id":9,"date":"2022-09-06T14:29:37","date_gmt":"2022-09-06T12:29:37","guid":{"rendered":"https:\/\/www.cellactiva.com\/at-de\/shop\/"},"modified":"2024-01-23T11:49:12","modified_gmt":"2024-01-23T10:49:12","slug":"shop","status":"publish","type":"page","link":"https:\/\/www.cellactiva.com\/at-de\/shop\/","title":{"rendered":"Shop"},"content":{"rendered":"<p>[et_pb_section fb_built=&#8220;1&#8243; _builder_version=&#8220;4.18.1&#8243; _module_preset=&#8220;default&#8220; global_colors_info=&#8220;{}&#8220;][et_pb_row _builder_version=&#8220;4.18.1&#8243; _module_preset=&#8220;default&#8220; global_colors_info=&#8220;{}&#8220;][et_pb_column type=&#8220;4_4&#8243; _builder_version=&#8220;4.18.1&#8243; _module_preset=&#8220;default&#8220; global_colors_info=&#8220;{}&#8220;][et_pb_text _builder_version=&#8220;4.18.1&#8243; _module_preset=&#8220;default&#8220; global_colors_info=&#8220;{}&#8220;]<\/p>\n<h1 style=\"text-align: center;\"><strong>cell<\/strong><em>activa<\/em> <strong>plus<\/strong> Shop<\/h1>\n<p>[\/et_pb_text][et_pb_text disabled_on=&#8220;on|on|on&#8220; _builder_version=&#8220;4.19.1&#8243; _module_preset=&#8220;default&#8220; text_font=&#8220;||||||||&#8220; text_text_color=&#8220;#9B111E&#8220; text_orientation=&#8220;center&#8220; custom_padding=&#8220;10px||10px||false|false&#8220; disabled=&#8220;on&#8220; global_colors_info=&#8220;{}&#8220;]<\/p>\n<p><img loading=\"lazy\" decoding=\"async\" src=\"https:\/\/www.cellactiva.com\/at-de\/wp-content\/uploads\/sites\/4\/2022\/12\/cellactiva-kostenlose-Lieferung_r100.png\" width=\"100\" height=\"41\" alt=\"\" class=\"wp-image-2125 alignnone size-full\" \/><br \/>kostenlose Lieferung<\/p>\n<p>[\/et_pb_text][\/et_pb_column][\/et_pb_row][et_pb_row disabled_on=&#8220;on|on|on&#8220; _builder_version=&#8220;4.19.5&#8243; _module_preset=&#8220;default&#8220; disabled=&#8220;on&#8220; global_colors_info=&#8220;{}&#8220;][et_pb_column type=&#8220;4_4&#8243; _builder_version=&#8220;4.19.1&#8243; _module_preset=&#8220;default&#8220; global_colors_info=&#8220;{}&#8220;][et_pb_text _builder_version=&#8220;4.19.2&#8243; _module_preset=&#8220;default&#8220; text_font=&#8220;||||||||&#8220; custom_margin=&#8220;||||false|false&#8220; custom_padding=&#8220;20px||20px||true|false&#8220; global_colors_info=&#8220;{}&#8220;]<\/p>\n<p style=\"text-align: center;\"><span style=\"color: #9b111e;\"><strong>Wir liefern die neuen cellactiva plus Sets ab Montag, den 13.02.2023.<\/strong><\/span><\/p>\n<p>[\/et_pb_text][\/et_pb_column][\/et_pb_row][et_pb_row _builder_version=&#8220;4.18.1&#8243; _module_preset=&#8220;default&#8220; global_colors_info=&#8220;{}&#8220;][et_pb_column type=&#8220;4_4&#8243; _builder_version=&#8220;4.18.1&#8243; _module_preset=&#8220;default&#8220; global_colors_info=&#8220;{}&#8220;][et_pb_text _builder_version=&#8220;4.18.1&#8243; _module_preset=&#8220;default&#8220; global_colors_info=&#8220;{}&#8220;]<\/p>\n<h2><strong>cell<\/strong><em>activa<\/em> <strong>plus<\/strong> Sets<\/h2>\n<p>[\/et_pb_text][et_pb_shop type=&#8220;product_category&#8220; posts_number=&#8220;99&#8243; include_categories=&#8220;25&#8243; columns_number=&#8220;4&#8243; orderby=&#8220;menu_order&#8220; icon_hover_color=&#8220;RGBA(255,255,255,0)&#8220; hover_overlay_color=&#8220;RGBA(255,255,255,0)&#8220; hover_icon=&#8220;&#x74;||divi||400&#8243; show_rating=&#8220;off&#8220; show_sale_badge=&#8220;off&#8220; _builder_version=&#8220;4.19.1&#8243; _module_preset=&#8220;default&#8220; title_text_color=&#8220;#9B111E&#8220; price_text_color=&#8220;#9B111E&#8220; custom_margin=&#8220;||||false|false&#8220; custom_padding=&#8220;||||false|false&#8220; border_radii_image=&#8220;on|10px|10px|10px|10px&#8220; global_colors_info=&#8220;{}&#8220;][\/et_pb_shop][\/et_pb_column][\/et_pb_row][et_pb_row _builder_version=&#8220;4.18.1&#8243; _module_preset=&#8220;default&#8220; global_colors_info=&#8220;{}&#8220;][et_pb_column type=&#8220;4_4&#8243; _builder_version=&#8220;4.18.1&#8243; _module_preset=&#8220;default&#8220; global_colors_info=&#8220;{}&#8220;][et_pb_text _builder_version=&#8220;4.18.1&#8243; _module_preset=&#8220;default&#8220; global_colors_info=&#8220;{}&#8220;]<\/p>\n<h2><strong>cell<\/strong><em>activa<\/em> <strong>plus<\/strong> Schutzh\u00fcllen Matte<\/h2>\n<p>[\/et_pb_text][et_pb_shop type=&#8220;product_category&#8220; posts_number=&#8220;99&#8243; include_categories=&#8220;26&#8243; columns_number=&#8220;4&#8243; orderby=&#8220;menu_order&#8220; icon_hover_color=&#8220;RGBA(255,255,255,0)&#8220; hover_overlay_color=&#8220;RGBA(255,255,255,0)&#8220; show_rating=&#8220;off&#8220; show_sale_badge=&#8220;off&#8220; _builder_version=&#8220;4.19.1&#8243; _module_preset=&#8220;default&#8220; title_text_color=&#8220;#9B111E&#8220; price_text_color=&#8220;#9B111E&#8220; custom_margin=&#8220;||||false|false&#8220; custom_padding=&#8220;||||false|false&#8220; border_radii_image=&#8220;on|10px|10px|10px|10px&#8220; global_colors_info=&#8220;{}&#8220;][\/et_pb_shop][\/et_pb_column][\/et_pb_row][et_pb_row _builder_version=&#8220;4.18.1&#8243; _module_preset=&#8220;default&#8220; global_colors_info=&#8220;{}&#8220;][et_pb_column type=&#8220;4_4&#8243; _builder_version=&#8220;4.18.1&#8243; _module_preset=&#8220;default&#8220; global_colors_info=&#8220;{}&#8220;][et_pb_text _builder_version=&#8220;4.18.1&#8243; _module_preset=&#8220;default&#8220; global_colors_info=&#8220;{}&#8220;]<\/p>\n<h2><strong>cell<\/strong><em>activa<\/em> <strong>plus<\/strong> Schutzh\u00fcllen Kissen<\/h2>\n<p>[\/et_pb_text][et_pb_shop type=&#8220;product_category&#8220; posts_number=&#8220;99&#8243; include_categories=&#8220;27&#8243; columns_number=&#8220;4&#8243; orderby=&#8220;menu_order&#8220; icon_hover_color=&#8220;RGBA(255,255,255,0)&#8220; hover_overlay_color=&#8220;RGBA(255,255,255,0)&#8220; show_rating=&#8220;off&#8220; show_sale_badge=&#8220;off&#8220; _builder_version=&#8220;4.19.1&#8243; _module_preset=&#8220;default&#8220; title_text_color=&#8220;#9B111E&#8220; price_text_color=&#8220;#9B111E&#8220; custom_margin=&#8220;||||false|false&#8220; custom_padding=&#8220;||||false|false&#8220; border_radii_image=&#8220;on|10px|10px|10px|10px&#8220; global_colors_info=&#8220;{}&#8220;][\/et_pb_shop][\/et_pb_column][\/et_pb_row][et_pb_row _builder_version=&#8220;4.18.1&#8243; _module_preset=&#8220;default&#8220; global_colors_info=&#8220;{}&#8220;][et_pb_column type=&#8220;4_4&#8243; _builder_version=&#8220;4.18.1&#8243; _module_preset=&#8220;default&#8220; global_colors_info=&#8220;{}&#8220;][et_pb_text _builder_version=&#8220;4.18.1&#8243; _module_preset=&#8220;default&#8220; global_colors_info=&#8220;{}&#8220;]<\/p>\n<h2><strong>cell<\/strong><em>activa<\/em> <strong>plus<\/strong> Schutzh\u00fcllen Haustier<\/h2>\n<p>[\/et_pb_text][et_pb_shop type=&#8220;product_category&#8220; posts_number=&#8220;99&#8243; include_categories=&#8220;28&#8243; columns_number=&#8220;4&#8243; orderby=&#8220;menu_order&#8220; icon_hover_color=&#8220;RGBA(255,255,255,0)&#8220; hover_overlay_color=&#8220;RGBA(255,255,255,0)&#8220; show_rating=&#8220;off&#8220; show_sale_badge=&#8220;off&#8220; _builder_version=&#8220;4.19.1&#8243; _module_preset=&#8220;default&#8220; title_text_color=&#8220;#9B111E&#8220; price_text_color=&#8220;#9B111E&#8220; custom_margin=&#8220;||||false|false&#8220; custom_padding=&#8220;||||false|false&#8220; border_radii_image=&#8220;on|10px|10px|10px|10px&#8220; global_colors_info=&#8220;{}&#8220;][\/et_pb_shop][\/et_pb_column][\/et_pb_row][et_pb_row _builder_version=&#8220;4.18.1&#8243; _module_preset=&#8220;default&#8220; global_colors_info=&#8220;{}&#8220;][et_pb_column type=&#8220;4_4&#8243; _builder_version=&#8220;4.18.1&#8243; _module_preset=&#8220;default&#8220; global_colors_info=&#8220;{}&#8220;][et_pb_text _builder_version=&#8220;4.18.1&#8243; _module_preset=&#8220;default&#8220; global_colors_info=&#8220;{}&#8220;]<\/p>\n<h2><strong>cell<\/strong><em>activa<\/em> <strong>plus<\/strong> Komponenten<\/h2>\n<p>[\/et_pb_text][et_pb_shop type=&#8220;product_category&#8220; posts_number=&#8220;99&#8243; include_categories=&#8220;29&#8243; columns_number=&#8220;4&#8243; orderby=&#8220;menu_order&#8220; icon_hover_color=&#8220;RGBA(255,255,255,0)&#8220; hover_overlay_color=&#8220;RGBA(255,255,255,0)&#8220; show_rating=&#8220;off&#8220; show_sale_badge=&#8220;off&#8220; _builder_version=&#8220;4.19.1&#8243; _module_preset=&#8220;default&#8220; title_text_color=&#8220;#9B111E&#8220; price_text_color=&#8220;#9B111E&#8220; custom_margin=&#8220;||||false|false&#8220; custom_padding=&#8220;||||false|false&#8220; border_radii_image=&#8220;on|10px|10px|10px|10px&#8220; global_colors_info=&#8220;{}&#8220;][\/et_pb_shop][\/et_pb_column][\/et_pb_row][et_pb_row _builder_version=&#8220;4.18.1&#8243; _module_preset=&#8220;default&#8220; global_colors_info=&#8220;{}&#8220;][et_pb_column type=&#8220;4_4&#8243; _builder_version=&#8220;4.18.1&#8243; _module_preset=&#8220;default&#8220; global_colors_info=&#8220;{}&#8220;][et_pb_text _builder_version=&#8220;4.23.4&#8243; _module_preset=&#8220;default&#8220; hover_enabled=&#8220;0&#8243; global_colors_info=&#8220;{}&#8220; sticky_enabled=&#8220;0&#8243;]<\/p>\n<h2><strong>cell<\/strong><em>activa<\/em> <strong>plus<\/strong> eBooks<\/h2>\n<p>[\/et_pb_text][et_pb_shop type=&#8220;product_category&#8220; posts_number=&#8220;99&#8243; include_categories=&#8220;93&#8243; columns_number=&#8220;4&#8243; orderby=&#8220;menu_order&#8220; icon_hover_color=&#8220;RGBA(255,255,255,0)&#8220; hover_overlay_color=&#8220;RGBA(255,255,255,0)&#8220; show_rating=&#8220;off&#8220; show_sale_badge=&#8220;off&#8220; _builder_version=&#8220;4.19.1&#8243; _module_preset=&#8220;default&#8220; title_text_color=&#8220;#9B111E&#8220; price_text_color=&#8220;#9B111E&#8220; custom_margin=&#8220;||||false|false&#8220; custom_padding=&#8220;||||false|false&#8220; border_radii_image=&#8220;on|10px|10px|10px|10px&#8220; global_colors_info=&#8220;{}&#8220;][\/et_pb_shop][\/et_pb_column][\/et_pb_row][\/et_pb_section]<\/p>\n","protected":false},"excerpt":{"rendered":"<p>cellactiva plus Shopkostenlose LieferungWir liefern die neuen cellactiva plus Sets ab Montag, den 13.02.2023.cellactiva plus Setscellactiva plus Schutzh\u00fcllen Mattecellactiva plus Schutzh\u00fcllen Kissencellactiva plus Schutzh\u00fcllen Haustiercellactiva plus Komponentencellactiva plus eBooks<\/p>\n","protected":false},"author":1,"featured_media":0,"parent":0,"menu_order":0,"comment_status":"closed","ping_status":"closed","template":"","meta":{"_acf_changed":false,"_et_pb_use_builder":"on","_et_pb_old_content":"","_et_gb_content_width":"","footnotes":""},"class_list":["post-9","page","type-page","status-publish","hentry"],"acf":[],"yoast_head":"<!-- This site is optimized with the Yoast SEO plugin v25.3 - https:\/\/yoast.com\/wordpress\/plugins\/seo\/ -->\n<title>Shop - cellactiva at-DE<\/title>\n<meta name=\"robots\" content=\"noindex, follow, max-snippet:-1, max-image-preview:large, max-video-preview:-1\" \/>\n<meta property=\"og:locale\" content=\"de_DE\" \/>\n<meta property=\"og:type\" content=\"article\" \/>\n<meta property=\"og:title\" content=\"Shop - cellactiva at-DE\" \/>\n<meta property=\"og:description\" content=\"cellactiva plus Shopkostenlose LieferungWir liefern die neuen cellactiva plus Sets ab Montag, den 13.02.2023.cellactiva plus Setscellactiva plus Schutzh\u00fcllen Mattecellactiva plus Schutzh\u00fcllen Kissencellactiva plus Schutzh\u00fcllen Haustiercellactiva plus Komponentencellactiva plus eBooks\" \/>\n<meta property=\"og:url\" content=\"https:\/\/www.cellactiva.com\/at-de\/shop\/\" \/>\n<meta property=\"og:site_name\" content=\"cellactiva at-DE\" \/>\n<meta property=\"article:modified_time\" content=\"2024-01-23T10:49:12+00:00\" \/>\n<meta property=\"og:image\" content=\"https:\/\/www.cellactiva.com\/at-de\/wp-content\/uploads\/sites\/4\/2022\/12\/cellactiva-kostenlose-Lieferung_r100.png\" \/>\n<meta name=\"twitter:card\" content=\"summary_large_image\" \/>\n<meta name=\"twitter:label1\" content=\"Gesch\u00e4tzte Lesezeit\" \/>\n\t<meta name=\"twitter:data1\" content=\"4\u00a0Minuten\" \/>\n<script type=\"application\/ld+json\" class=\"yoast-schema-graph\">{\"@context\":\"https:\/\/schema.org\",\"@graph\":[{\"@type\":\"WebPage\",\"@id\":\"https:\/\/www.cellactiva.com\/at-de\/shop\/\",\"url\":\"https:\/\/www.cellactiva.com\/at-de\/shop\/\",\"name\":\"Shop - cellactiva at-DE\",\"isPartOf\":{\"@id\":\"https:\/\/www.cellactiva.com\/at-de\/#website\"},\"primaryImageOfPage\":{\"@id\":\"https:\/\/www.cellactiva.com\/at-de\/shop\/#primaryimage\"},\"image\":{\"@id\":\"https:\/\/www.cellactiva.com\/at-de\/shop\/#primaryimage\"},\"thumbnailUrl\":\"https:\/\/www.cellactiva.com\/at-de\/wp-content\/uploads\/sites\/4\/2022\/12\/cellactiva-kostenlose-Lieferung_r100.png\",\"datePublished\":\"2022-09-06T12:29:37+00:00\",\"dateModified\":\"2024-01-23T10:49:12+00:00\",\"breadcrumb\":{\"@id\":\"https:\/\/www.cellactiva.com\/at-de\/shop\/#breadcrumb\"},\"inLanguage\":\"de\",\"potentialAction\":[{\"@type\":\"ReadAction\",\"target\":[\"https:\/\/www.cellactiva.com\/at-de\/shop\/\"]}]},{\"@type\":\"ImageObject\",\"inLanguage\":\"de\",\"@id\":\"https:\/\/www.cellactiva.com\/at-de\/shop\/#primaryimage\",\"url\":\"https:\/\/www.cellactiva.com\/at-de\/wp-content\/uploads\/sites\/4\/2022\/12\/cellactiva-kostenlose-Lieferung_r100.png\",\"contentUrl\":\"https:\/\/www.cellactiva.com\/at-de\/wp-content\/uploads\/sites\/4\/2022\/12\/cellactiva-kostenlose-Lieferung_r100.png\",\"width\":243,\"height\":100},{\"@type\":\"BreadcrumbList\",\"@id\":\"https:\/\/www.cellactiva.com\/at-de\/shop\/#breadcrumb\",\"itemListElement\":[{\"@type\":\"ListItem\",\"position\":1,\"name\":\"Startseite\",\"item\":\"https:\/\/www.cellactiva.com\/at-de\/\"},{\"@type\":\"ListItem\",\"position\":2,\"name\":\"Shop\"}]},{\"@type\":\"WebSite\",\"@id\":\"https:\/\/www.cellactiva.com\/at-de\/#website\",\"url\":\"https:\/\/www.cellactiva.com\/at-de\/\",\"name\":\"cellactiva at-DE\",\"description\":\"Bio-Physikalische Gef\u00e4\u00dftherapie\",\"publisher\":{\"@id\":\"https:\/\/www.cellactiva.com\/at-de\/#organization\"},\"potentialAction\":[{\"@type\":\"SearchAction\",\"target\":{\"@type\":\"EntryPoint\",\"urlTemplate\":\"https:\/\/www.cellactiva.com\/at-de\/?s={search_term_string}\"},\"query-input\":{\"@type\":\"PropertyValueSpecification\",\"valueRequired\":true,\"valueName\":\"search_term_string\"}}],\"inLanguage\":\"de\"},{\"@type\":\"Organization\",\"@id\":\"https:\/\/www.cellactiva.com\/at-de\/#organization\",\"name\":\"cellactiva at-DE\",\"url\":\"https:\/\/www.cellactiva.com\/at-de\/\",\"logo\":{\"@type\":\"ImageObject\",\"inLanguage\":\"de\",\"@id\":\"https:\/\/www.cellactiva.com\/at-de\/#\/schema\/logo\/image\/\",\"url\":\"https:\/\/www.cellactiva.com\/at-de\/wp-content\/uploads\/sites\/4\/2022\/10\/cellactiva_Logo_Schrift_.png\",\"contentUrl\":\"https:\/\/www.cellactiva.com\/at-de\/wp-content\/uploads\/sites\/4\/2022\/10\/cellactiva_Logo_Schrift_.png\",\"width\":361,\"height\":54,\"caption\":\"cellactiva at-DE\"},\"image\":{\"@id\":\"https:\/\/www.cellactiva.com\/at-de\/#\/schema\/logo\/image\/\"}}]}<\/script>\n<!-- \/ Yoast SEO plugin. -->","yoast_head_json":{"title":"Shop - cellactiva at-DE","robots":{"index":"noindex","follow":"follow","max-snippet":"max-snippet:-1","max-image-preview":"max-image-preview:large","max-video-preview":"max-video-preview:-1"},"og_locale":"de_DE","og_type":"article","og_title":"Shop - cellactiva at-DE","og_description":"cellactiva plus Shopkostenlose LieferungWir liefern die neuen cellactiva plus Sets ab Montag, den 13.02.2023.cellactiva plus Setscellactiva plus Schutzh\u00fcllen Mattecellactiva plus Schutzh\u00fcllen Kissencellactiva plus Schutzh\u00fcllen Haustiercellactiva plus Komponentencellactiva plus eBooks","og_url":"https:\/\/www.cellactiva.com\/at-de\/shop\/","og_site_name":"cellactiva at-DE","article_modified_time":"2024-01-23T10:49:12+00:00","og_image":[{"url":"https:\/\/www.cellactiva.com\/at-de\/wp-content\/uploads\/sites\/4\/2022\/12\/cellactiva-kostenlose-Lieferung_r100.png","type":"","width":"","height":""}],"twitter_card":"summary_large_image","twitter_misc":{"Gesch\u00e4tzte Lesezeit":"4\u00a0Minuten"},"schema":{"@context":"https:\/\/schema.org","@graph":[{"@type":"WebPage","@id":"https:\/\/www.cellactiva.com\/at-de\/shop\/","url":"https:\/\/www.cellactiva.com\/at-de\/shop\/","name":"Shop - cellactiva at-DE","isPartOf":{"@id":"https:\/\/www.cellactiva.com\/at-de\/#website"},"primaryImageOfPage":{"@id":"https:\/\/www.cellactiva.com\/at-de\/shop\/#primaryimage"},"image":{"@id":"https:\/\/www.cellactiva.com\/at-de\/shop\/#primaryimage"},"thumbnailUrl":"https:\/\/www.cellactiva.com\/at-de\/wp-content\/uploads\/sites\/4\/2022\/12\/cellactiva-kostenlose-Lieferung_r100.png","datePublished":"2022-09-06T12:29:37+00:00","dateModified":"2024-01-23T10:49:12+00:00","breadcrumb":{"@id":"https:\/\/www.cellactiva.com\/at-de\/shop\/#breadcrumb"},"inLanguage":"de","potentialAction":[{"@type":"ReadAction","target":["https:\/\/www.cellactiva.com\/at-de\/shop\/"]}]},{"@type":"ImageObject","inLanguage":"de","@id":"https:\/\/www.cellactiva.com\/at-de\/shop\/#primaryimage","url":"https:\/\/www.cellactiva.com\/at-de\/wp-content\/uploads\/sites\/4\/2022\/12\/cellactiva-kostenlose-Lieferung_r100.png","contentUrl":"https:\/\/www.cellactiva.com\/at-de\/wp-content\/uploads\/sites\/4\/2022\/12\/cellactiva-kostenlose-Lieferung_r100.png","width":243,"height":100},{"@type":"BreadcrumbList","@id":"https:\/\/www.cellactiva.com\/at-de\/shop\/#breadcrumb","itemListElement":[{"@type":"ListItem","position":1,"name":"Startseite","item":"https:\/\/www.cellactiva.com\/at-de\/"},{"@type":"ListItem","position":2,"name":"Shop"}]},{"@type":"WebSite","@id":"https:\/\/www.cellactiva.com\/at-de\/#website","url":"https:\/\/www.cellactiva.com\/at-de\/","name":"cellactiva at-DE","description":"Bio-Physikalische Gef\u00e4\u00dftherapie","publisher":{"@id":"https:\/\/www.cellactiva.com\/at-de\/#organization"},"potentialAction":[{"@type":"SearchAction","target":{"@type":"EntryPoint","urlTemplate":"https:\/\/www.cellactiva.com\/at-de\/?s={search_term_string}"},"query-input":{"@type":"PropertyValueSpecification","valueRequired":true,"valueName":"search_term_string"}}],"inLanguage":"de"},{"@type":"Organization","@id":"https:\/\/www.cellactiva.com\/at-de\/#organization","name":"cellactiva at-DE","url":"https:\/\/www.cellactiva.com\/at-de\/","logo":{"@type":"ImageObject","inLanguage":"de","@id":"https:\/\/www.cellactiva.com\/at-de\/#\/schema\/logo\/image\/","url":"https:\/\/www.cellactiva.com\/at-de\/wp-content\/uploads\/sites\/4\/2022\/10\/cellactiva_Logo_Schrift_.png","contentUrl":"https:\/\/www.cellactiva.com\/at-de\/wp-content\/uploads\/sites\/4\/2022\/10\/cellactiva_Logo_Schrift_.png","width":361,"height":54,"caption":"cellactiva at-DE"},"image":{"@id":"https:\/\/www.cellactiva.com\/at-de\/#\/schema\/logo\/image\/"}}]}},"_links":{"self":[{"href":"https:\/\/www.cellactiva.com\/at-de\/wp-json\/wp\/v2\/pages\/9","targetHints":{"allow":["GET"]}}],"collection":[{"href":"https:\/\/www.cellactiva.com\/at-de\/wp-json\/wp\/v2\/pages"}],"about":[{"href":"https:\/\/www.cellactiva.com\/at-de\/wp-json\/wp\/v2\/types\/page"}],"author":[{"embeddable":true,"href":"https:\/\/www.cellactiva.com\/at-de\/wp-json\/wp\/v2\/users\/1"}],"replies":[{"embeddable":true,"href":"https:\/\/www.cellactiva.com\/at-de\/wp-json\/wp\/v2\/comments?post=9"}],"version-history":[{"count":33,"href":"https:\/\/www.cellactiva.com\/at-de\/wp-json\/wp\/v2\/pages\/9\/revisions"}],"predecessor-version":[{"id":2929,"href":"https:\/\/www.cellactiva.com\/at-de\/wp-json\/wp\/v2\/pages\/9\/revisions\/2929"}],"wp:attachment":[{"href":"https:\/\/www.cellactiva.com\/at-de\/wp-json\/wp\/v2\/media?parent=9"}],"curies":[{"name":"wp","href":"https:\/\/api.w.org\/{rel}","templated":true}]}}