{"id":782,"date":"2022-11-05T09:10:54","date_gmt":"2022-11-05T08:10:54","guid":{"rendered":"https:\/\/www.cellactiva.com\/at-de\/?post_type=product&#038;p=782"},"modified":"2024-01-03T10:28:56","modified_gmt":"2024-01-03T09:28:56","slug":"cellactiva-plus-haustier-set-testversion","status":"publish","type":"product","link":"https:\/\/www.cellactiva.com\/at-de\/produkt\/cellactiva-plus-haustier-set-testversion\/","title":{"rendered":"cellactiva plus Haustier Set &#8211; 6 Wochen testen f\u00fcr 299 \u20ac + 600 \u20ac Kaution"},"content":{"rendered":"<p>[et_pb_section fb_built=&#8220;1&#8243; _builder_version=&#8220;4.18.1&#8243; custom_padding=&#8220;1px||||false|false&#8220; global_colors_info=&#8220;{}&#8220;][et_pb_row _builder_version=&#8220;4.18.1&#8243; background_color=&#8220;#ECDFC6&#8243; global_colors_info=&#8220;{}&#8220;][et_pb_column type=&#8220;4_4&#8243; _builder_version=&#8220;4.18.1&#8243; custom_padding=&#8220;0px||0px||false|false&#8220; global_colors_info=&#8220;{}&#8220; custom_padding__hover=&#8220;|||&#8220;][et_pb_wc_breadcrumb disabled_on=&#8220;on|on|on&#8220; _builder_version=&#8220;4.18.1&#8243; custom_padding=&#8220;10px|10px|10px|10px|false|false&#8220; disabled=&#8220;on&#8220; global_colors_info=&#8220;{}&#8220;][\/et_pb_wc_breadcrumb][et_pb_wc_cart_notice _builder_version=&#8220;4.18.1&#8243; background_color=&#8220;#9B111E&#8220; custom_button=&#8220;on&#8220; button_text_color=&#8220;#9B111E&#8220; button_border_color=&#8220;#9B111E&#8220; button_use_icon=&#8220;off&#8220; custom_margin=&#8220;10px|10px|10px|10px|true|true&#8220; custom_padding=&#8220;10px|10px|10px|10px|true|true&#8220; border_radii=&#8220;on|5px|5px|5px|5px&#8220; global_module=&#8220;971&#8243; saved_tabs=&#8220;all&#8220; global_colors_info=&#8220;{}&#8220;][\/et_pb_wc_cart_notice][\/et_pb_column][\/et_pb_row][et_pb_row column_structure=&#8220;1_2,1_2&#8243; _builder_version=&#8220;4.18.1&#8243; global_colors_info=&#8220;{}&#8220;][et_pb_column type=&#8220;1_2&#8243; _builder_version=&#8220;4.18.1&#8243; border_radii=&#8220;off|10px|0px|0px|10px&#8220; global_colors_info=&#8220;{}&#8220; custom_padding__hover=&#8220;|||&#8220;][et_pb_wc_images _builder_version=&#8220;4.18.1&#8243; custom_margin=&#8220;0px|0px|0px|0px|false|false&#8220; custom_padding=&#8220;5px|5px|5px|5px|false|false&#8220; border_radii_image=&#8220;on|20px|20px|20px|20px&#8220; global_module=&#8220;973&#8243; saved_tabs=&#8220;all&#8220; global_colors_info=&#8220;{}&#8220;][\/et_pb_wc_images][\/et_pb_column][et_pb_column type=&#8220;1_2&#8243; _builder_version=&#8220;4.18.1&#8243; custom_padding=&#8220;|||&#8220; border_radii=&#8220;off|0px|10px|10px|0px&#8220; global_colors_info=&#8220;{}&#8220; custom_padding__hover=&#8220;|||&#8220;][et_pb_wc_title admin_label=&#8220;Woo Produkttitel&#8220; _builder_version=&#8220;4.18.1&#8243; header_text_color=&#8220;#9B111E&#8220; custom_margin=&#8220;20px||||false|false&#8220; global_module=&#8220;974&#8243; saved_tabs=&#8220;all&#8220; global_colors_info=&#8220;{}&#8220;][\/et_pb_wc_title][et_pb_wc_price admin_label=&#8220;Woo Produktpreis&#8220; _builder_version=&#8220;4.18.1&#8243; body_text_color=&#8220;#9B111E&#8220; custom_margin=&#8220;20px||||false|false&#8220; global_module=&#8220;975&#8243; saved_tabs=&#8220;all&#8220; global_colors_info=&#8220;{}&#8220;][\/et_pb_wc_price][et_pb_wc_description admin_label=&#8220;Woo Produktbeschreibung&#8220; _builder_version=&#8220;4.18.1&#8243; body_text_color=&#8220;#333333&#8243; body_font_size=&#8220;16px&#8220; custom_margin=&#8220;20px||||false|false&#8220; global_module=&#8220;976&#8243; saved_tabs=&#8220;all&#8220; global_colors_info=&#8220;{}&#8220;][\/et_pb_wc_description][et_pb_wc_add_to_cart show_stock=&#8220;off&#8220; admin_label=&#8220;Woo Produkt in den Warenkorb legen&#8220; _builder_version=&#8220;4.18.1&#8243; fields_background_color=&#8220;#FFFFFF&#8220; fields_text_color=&#8220;#333333&#8243; dropdown_menus_background_color=&#8220;#FFFFFF&#8220; dropdown_menus_text_color=&#8220;#333333&#8243; dropdown_menus_custom_margin=&#8220;14px|24px|||false|false&#8220; field_label_text_color=&#8220;#333333&#8243; field_label_font_size=&#8220;16px&#8220; dropdown_menus_font_size=&#8220;14px&#8220; custom_button=&#8220;on&#8220; button_text_color=&#8220;#9B111E&#8220; button_border_color=&#8220;#9B111E&#8220; button_use_icon=&#8220;off&#8220; custom_padding=&#8220;|10px|||false|false&#8220; border_radii_fields=&#8220;on|5px|5px|5px|5px&#8220; global_module=&#8220;979&#8243; saved_tabs=&#8220;all&#8220; global_colors_info=&#8220;{}&#8220;][\/et_pb_wc_add_to_cart][\/et_pb_column][\/et_pb_row][et_pb_row _builder_version=&#8220;4.18.1&#8243; global_colors_info=&#8220;{}&#8220;][et_pb_column type=&#8220;4_4&#8243; _builder_version=&#8220;4.18.1&#8243; custom_padding=&#8220;|||&#8220; global_colors_info=&#8220;{}&#8220; custom_padding__hover=&#8220;|||&#8220;][et_pb_wc_tabs active_tab_background_color=&#8220;#FFFFFF&#8220; inactive_tab_background_color=&#8220;#eeeeee&#8220; active_tab_text_color=&#8220;#9B111E&#8220; include_tabs=&#8220;description|&#8220; admin_label=&#8220;Woo-Produktregisterkarten&#8220; _builder_version=&#8220;4.19.0&#8243; tab_text_color=&#8220;#333333&#8243; tab_font_size=&#8220;16px&#8220; background_color=&#8220;#ECDFC6&#8243; custom_margin=&#8220;10px|10px|10px|10px|true|true&#8220; custom_padding=&#8220;10px|20px|10px|20px|true|true&#8220; custom_css_tabs_controls=&#8220;background-color: #eeeeee&#8220; border_width_all=&#8220;0px&#8220; global_module=&#8220;980&#8243; saved_tabs=&#8220;all&#8220; global_colors_info=&#8220;{}&#8220;][\/et_pb_wc_tabs][\/et_pb_column][\/et_pb_row][et_pb_row _builder_version=&#8220;4.19.0&#8243; _module_preset=&#8220;default&#8220; global_colors_info=&#8220;{}&#8220;][et_pb_column type=&#8220;4_4&#8243; _builder_version=&#8220;4.19.0&#8243; _module_preset=&#8220;default&#8220; global_colors_info=&#8220;{}&#8220;][et_pb_wc_related_products posts_number=&#8220;99&#8243; columns_number=&#8220;5&#8243; include_categories=&#8220;current&#8220; icon_hover_color=&#8220;RGBA(255,255,255,0)&#8220; hover_overlay_color=&#8220;RGBA(255,255,255,0)&#8220; admin_label=&#8220;Woo verwandte Produkte&#8220; _builder_version=&#8220;4.19.0&#8243; title_font=&#8220;||||||||&#8220; title_text_color=&#8220;#9B111E&#8220; title_font_size=&#8220;24px&#8220; product_title_font=&#8220;||||||||&#8220; product_title_text_color=&#8220;#9B111E&#8220; product_title_font_size=&#8220;16px&#8220; price_font=&#8220;||||||||&#8220; price_text_color=&#8220;#9B111E&#8220; price_font_size=&#8220;16px&#8220; custom_padding=&#8220;10px|20px|10px|20px|true|false&#8220; border_radii_image=&#8220;on|10px|10px|10px|10px&#8220; global_module=&#8220;982&#8243; saved_tabs=&#8220;all&#8220; global_colors_info=&#8220;{}&#8220;][\/et_pb_wc_related_products][\/et_pb_column][\/et_pb_row][\/et_pb_section]<\/p>\n","protected":false},"excerpt":{"rendered":"<h2><strong>cell<\/strong><em>activa<\/em>\u00a0Lieferumfang<\/h2>\n<ul>\n<li><strong>1 Steuerger\u00e4t,\u00a0<\/strong>20 x 8 x 3cm, 250g \u201etoll geeignet zur Einhand-Bedienung\u201c <strong>mit<\/strong> <strong>eingebautem <\/strong><strong>Akku<\/strong>\u00a0f\u00fcr 8 \u00bd Std. Laufzeit \u201eintelligente netzunabh\u00e4ngige Behandlung\u201d<\/li>\n<li><strong>Medizinger\u00e4te-Netzteil<\/strong> mit <strong>extralangem Ladekabel<\/strong><\/li>\n<li><strong>1 Haustier-Matte<\/strong> (75 x 50cm), hochwertiges 3D-Mesh, atmungsaktiv \u201ef\u00fcr das Lieblingspl\u00e4tzchen\u201c mit <strong>Sicherheits-Magnetstecker<\/strong>\u00a0\u201ezum Schutz des Steuerger\u00e4ts&#8220;<\/li>\n<li><strong>1 Schutzh\u00fclle Haustier-Matte, <\/strong>hochwertiges Softshell \u201ein der Farbe Ihrer Wahl\u201c\u00a0als <strong>Hygieneschutz<\/strong> f\u00fcr medizinische und private Nutzung<\/li>\n<li>+\u00a0<strong>1 Schutzh\u00fclle Haustier-Matte extra<\/strong>\u00a0\u201ewenn die andere in der W\u00e4sche ist\u201c<\/li>\n<li><strong>1 Reisetasche<\/strong>, mittel\u00a0\u201ebequem mit in den Urlaub nehmen\u201c<\/li>\n<\/ul>\n<p>Testen Sie jetzt\u00a0<strong>cell<\/strong><em>activa<\/em>\u00a0<strong>plus<br \/>\n<\/strong>ganze 6 Wochen lang f\u00fcr nur 299 Euro.<\/p>\n<p>Sie hinterlegen zus\u00e4tzlich 600 Euro Kaution, die Ihnen bei R\u00fcckgabe<br \/>\n(einwandfreier und funktionsf\u00e4higer Zustand vorausgesetzt)<br \/>\nerstattet, oder bei Kauf zusammen mit der Miete vollst\u00e4ndig angerechnet werden.<\/p>\n","protected":false},"featured_media":1852,"template":"","meta":{"_acf_changed":false,"_et_pb_use_builder":"on","_et_pb_old_content":"<h2><span style=\"color: #9b111e\"><strong>cell<\/strong><em>activa<\/em> <strong>plus<\/strong> Haustier Set - jetzt testen<\/span><\/h2>\r\n<ul>\r\n \t<li>3 Therapien<\/li>\r\n \t<li>3 Programme<\/li>\r\n \t<li>alles in einem Set<\/li>\r\n<\/ul>\r\n<h2><span style=\"color: #9b111e\"><strong>cell<\/strong><em>activa<\/em> Therapien<\/span><\/h2>\r\n<ul>\r\n \t<li>Bio-Physikalische Gef\u00e4\u00dftherapie<\/li>\r\n \t<li>Bio-Physikalische Sauerstoff-Versorgung<\/li>\r\n \t<li>Schumann-Frequenz-Therapie<\/li>\r\n<\/ul>\r\n<h2><span style=\"color: #9b111e\"><strong>cell<\/strong><em>activa<\/em> Programme<\/span><\/h2>\r\n<ul>\r\n \t<li><strong>Basic<\/strong> \u2013 das Entspannungs-Programm \u2013 <strong>mit Schumann-Frequenz<\/strong><\/li>\r\n \t<li><strong>Relax<\/strong> \u2013 das Schlaf-Programm - mit halber <strong>Schumann-Frequenz<\/strong><\/li>\r\n \t<li><strong>Active<\/strong> \u2013 das Energie-Programm - mit doppelter <strong>Schumann-Frequenz<\/strong><\/li>\r\n<\/ul>\r\n<h2><span style=\"color: #9b111e\"><strong>cell<\/strong><em>activa<\/em> Anwendung<\/span><\/h2>\r\n<ul>\r\n \t<li><strong>cell<\/strong><em>activa <\/em><strong>plus<\/strong>\u00a0 k\u00f6nnen Sie bequem zu Hause anwenden.<\/li>\r\n \t<li><strong>cell<\/strong><em>activa <\/em><strong>plus<\/strong>\u00a0 ist leicht zu bedienen - Sie dr\u00fccken nur 3 Tasten und k\u00f6nnen starten.<\/li>\r\n \t<li><strong>cell<\/strong><em>activa <\/em><strong>plus<\/strong>\u00a0 spart Ihnen viel Zeit - nur 2x8 Minuten am Tag reichen aus.<\/li>\r\n<\/ul>\r\n<h2><span style=\"color: #9b111e\"><strong>cell<\/strong><em>activa<\/em> Lieferumfang<\/span><\/h2>\r\n<ul>\r\n \t<li><strong>1 Steuerger\u00e4t,\u00a0<\/strong>20 x 8 x 3cm, 250g \u201etoll geeignet zur Einhand-Bedienung\u201c <strong>mit<\/strong> <strong>eingebautem <\/strong><strong>Akku<\/strong>\u00a0f\u00fcr 8 \u00bd Std. Laufzeit \u201eintelligente netzunabh\u00e4ngige Behandlung\u201d<\/li>\r\n \t<li><strong>Medizinger\u00e4te-Netzteil<\/strong> mit <strong>extralangem Ladekabel<\/strong><\/li>\r\n \t<li><strong>1 Haustier-Matte<\/strong> (75 x 50cm), hochwertiges 3D-Mesh, atmungsaktiv \u201ef\u00fcr das Lieblingspl\u00e4tzchen\u201c mit <strong>Sicherheits-Magnetstecker<\/strong>\u00a0\u201ezum Schutz des Steuerger\u00e4ts\"<\/li>\r\n \t<li><strong>1 Schutzh\u00fclle Haustier-Matte, <\/strong>hochwertiges Softshell \u201ein der Farbe Ihrer Wahl\u201c\u00a0als <strong>Hygieneschutz<\/strong> f\u00fcr medizinische und private Nutzung<\/li>\r\n \t<li>+\u00a0<strong>1 Schutzh\u00fclle Haustier-Matte extra<\/strong>\u00a0\u201ewenn die andere in der W\u00e4sche ist\u201c<\/li>\r\n \t<li><strong>1 Reisetasche<\/strong>, mittel\u00a0\u201ebequem mit in den Urlaub nehmen\u201c<\/li>\r\n \t<li><strong>1 Schnellstartanleitung <\/strong>\u201edamit Sie gleich starten k\u00f6nnen\u201c<\/li>\r\n \t<li><strong>1 Indikationsliste <\/strong>\u201eschnell die richtige Behandlung finden\u201c<\/li>\r\n \t<li><strong>1 Behandlungsprotokoll <\/strong>\u201eweil Erfolg motiviert\u201c<\/li>\r\n \t<li><strong>1 Brosch\u00fcre<\/strong> \u201ecellactiva plus f\u00fcr den Menschen\u201c<\/li>\r\n \t<li><strong>kostenlose Hotline <\/strong>\u201ef\u00fcr maximalen Behandlungserfolg\u201c<\/li>\r\n<\/ul>\r\n<h2><span style=\"color: #9b111e\"><strong>cell<\/strong><em>activa<\/em>\u00a0ist Made in Germany<\/span><\/h2>\r\n<ul>\r\n \t<li><strong>cell<\/strong><em>activa <\/em><strong>plus<\/strong> - Beste Deutsche Qualit\u00e4tsarbeit<\/li>\r\n<\/ul>\r\n<h2><span style=\"color: #9b111e\">Mir h\u00e4nds gmacht<\/span><\/h2>\r\n<ul>\r\n \t<li><strong>cell<\/strong><em>activa <\/em><strong>plus<\/strong> ist mit Herzblut in der Heimat weiter entwickelt worden<\/li>\r\n \t<li><strong>cell<\/strong><em>activa <\/em><strong>plus<\/strong>\u00a0ist zu \u00fcber 90% in der Heimat hergestellt<\/li>\r\n \t<li><strong>cell<\/strong><em>activa <\/em><strong>plus<\/strong>\u00a0st\u00e4rkt die Deutsche Wirtschaft<\/li>\r\n<\/ul>\r\n<h2><span style=\"color: #9b111e\"><strong>cell<\/strong><em>activa<\/em>\u00a0Garantie<\/span><\/h2>\r\n<ul>\r\n \t<li>14 Tage R\u00fcckgaberecht mit 100% Geld-zur\u00fcck-Garantie<\/li>\r\n \t<li>2 Jahre Garantie auf elektronische und mechanische Fehler des Steuerger\u00e4ts<\/li>\r\n \t<li>2 Jahre Gew\u00e4hrleistung<\/li>\r\n<\/ul>\r\n<h2><span style=\"color: #9b111e\"><strong>cell<\/strong><em>activa<\/em>\u00a0plus \u2013 f\u00fcr Ihren Liebling<\/span><\/h2>","_et_gb_content_width":""},"product_brand":[],"product_cat":[25],"product_tag":[],"class_list":{"0":"post-782","1":"product","2":"type-product","3":"status-publish","4":"has-post-thumbnail","6":"product_cat-set","8":"first","9":"instock","10":"taxable","11":"shipping-taxable","12":"purchasable","13":"product-type-variable"},"acf":[],"yoast_head":"<!-- This site is optimized with the Yoast SEO plugin v25.3 - https:\/\/yoast.com\/wordpress\/plugins\/seo\/ -->\n<title>cellactiva plus Haustier Set - 6 Wochen testen f\u00fcr 299 \u20ac + 600 \u20ac Kaution - cellactiva at-DE<\/title>\n<meta name=\"robots\" content=\"noindex, follow, max-snippet:-1, max-image-preview:large, max-video-preview:-1\" \/>\n<meta property=\"og:locale\" content=\"de_DE\" \/>\n<meta property=\"og:type\" content=\"article\" \/>\n<meta property=\"og:title\" content=\"cellactiva plus Haustier Set - 6 Wochen testen f\u00fcr 299 \u20ac + 600 \u20ac Kaution - cellactiva at-DE\" \/>\n<meta property=\"og:description\" content=\"cellactiva\u00a0Lieferumfang   1 Steuerger\u00e4t,\u00a020 x 8 x 3cm, 250g \u201etoll geeignet zur Einhand-Bedienung\u201c mit eingebautem Akku\u00a0f\u00fcr 8 \u00bd Std. Laufzeit \u201eintelligente netzunabh\u00e4ngige Behandlung\u201d  Medizinger\u00e4te-Netzteil mit extralangem Ladekabel  1 Haustier-Matte (75 x 50cm), hochwertiges 3D-Mesh, atmungsaktiv \u201ef\u00fcr das Lieblingspl\u00e4tzchen\u201c mit Sicherheits-Magnetstecker\u00a0\u201ezum Schutz des Steuerger\u00e4ts&quot;  1 Schutzh\u00fclle Haustier-Matte, hochwertiges Softshell \u201ein der Farbe Ihrer Wahl\u201c\u00a0als Hygieneschutz f\u00fcr medizinische und private Nutzung  +\u00a01 Schutzh\u00fclle Haustier-Matte extra\u00a0\u201ewenn die andere in der W\u00e4sche ist\u201c  1 Reisetasche, mittel\u00a0\u201ebequem mit in den Urlaub nehmen\u201c  Testen Sie jetzt\u00a0cellactiva\u00a0plus ganze 6 Wochen lang f\u00fcr nur 299 Euro.  Sie hinterlegen zus\u00e4tzlich 600 Euro Kaution, die Ihnen bei R\u00fcckgabe (einwandfreier und funktionsf\u00e4higer Zustand vorausgesetzt) erstattet, oder bei Kauf zusammen mit der Miete vollst\u00e4ndig angerechnet werden.\" \/>\n<meta property=\"og:url\" content=\"https:\/\/www.cellactiva.com\/at-de\/produkt\/cellactiva-plus-haustier-set-testversion\/\" \/>\n<meta property=\"og:site_name\" content=\"cellactiva at-DE\" \/>\n<meta property=\"article:modified_time\" content=\"2024-01-03T09:28:56+00:00\" \/>\n<meta property=\"og:image\" content=\"https:\/\/www.cellactiva.com\/at-de\/wp-content\/uploads\/sites\/4\/2022\/11\/cellactiva_Set_Haustier_15_Anthrazit_r-1.png\" \/>\n\t<meta property=\"og:image:width\" content=\"500\" \/>\n\t<meta property=\"og:image:height\" content=\"354\" \/>\n\t<meta property=\"og:image:type\" content=\"image\/png\" \/>\n<meta name=\"twitter:card\" content=\"summary_large_image\" \/>\n<meta name=\"twitter:label1\" content=\"Gesch\u00e4tzte Lesezeit\" \/>\n\t<meta name=\"twitter:data1\" content=\"1\u00a0Minute\" \/>\n<script type=\"application\/ld+json\" class=\"yoast-schema-graph\">{\"@context\":\"https:\/\/schema.org\",\"@graph\":[{\"@type\":\"WebPage\",\"@id\":\"https:\/\/www.cellactiva.com\/at-de\/produkt\/cellactiva-plus-haustier-set-testversion\/\",\"url\":\"https:\/\/www.cellactiva.com\/at-de\/produkt\/cellactiva-plus-haustier-set-testversion\/\",\"name\":\"cellactiva plus Haustier Set - 6 Wochen testen f\u00fcr 299 \u20ac + 600 \u20ac Kaution - cellactiva at-DE\",\"isPartOf\":{\"@id\":\"https:\/\/www.cellactiva.com\/at-de\/#website\"},\"primaryImageOfPage\":{\"@id\":\"https:\/\/www.cellactiva.com\/at-de\/produkt\/cellactiva-plus-haustier-set-testversion\/#primaryimage\"},\"image\":{\"@id\":\"https:\/\/www.cellactiva.com\/at-de\/produkt\/cellactiva-plus-haustier-set-testversion\/#primaryimage\"},\"thumbnailUrl\":\"https:\/\/www.cellactiva.com\/at-de\/wp-content\/uploads\/sites\/4\/2022\/11\/cellactiva_Set_Haustier_15_Anthrazit_r-1.png\",\"datePublished\":\"2022-11-05T08:10:54+00:00\",\"dateModified\":\"2024-01-03T09:28:56+00:00\",\"breadcrumb\":{\"@id\":\"https:\/\/www.cellactiva.com\/at-de\/produkt\/cellactiva-plus-haustier-set-testversion\/#breadcrumb\"},\"inLanguage\":\"de\",\"potentialAction\":[{\"@type\":\"ReadAction\",\"target\":[\"https:\/\/www.cellactiva.com\/at-de\/produkt\/cellactiva-plus-haustier-set-testversion\/\"]}]},{\"@type\":\"ImageObject\",\"inLanguage\":\"de\",\"@id\":\"https:\/\/www.cellactiva.com\/at-de\/produkt\/cellactiva-plus-haustier-set-testversion\/#primaryimage\",\"url\":\"https:\/\/www.cellactiva.com\/at-de\/wp-content\/uploads\/sites\/4\/2022\/11\/cellactiva_Set_Haustier_15_Anthrazit_r-1.png\",\"contentUrl\":\"https:\/\/www.cellactiva.com\/at-de\/wp-content\/uploads\/sites\/4\/2022\/11\/cellactiva_Set_Haustier_15_Anthrazit_r-1.png\",\"width\":500,\"height\":354},{\"@type\":\"BreadcrumbList\",\"@id\":\"https:\/\/www.cellactiva.com\/at-de\/produkt\/cellactiva-plus-haustier-set-testversion\/#breadcrumb\",\"itemListElement\":[{\"@type\":\"ListItem\",\"position\":1,\"name\":\"Startseite\",\"item\":\"https:\/\/www.cellactiva.com\/at-de\/\"},{\"@type\":\"ListItem\",\"position\":2,\"name\":\"Shop\",\"item\":\"https:\/\/www.cellactiva.com\/at-de\/shop\/\"},{\"@type\":\"ListItem\",\"position\":3,\"name\":\"cellactiva plus Haustier Set &#8211; 6 Wochen testen f\u00fcr 299 \u20ac + 600 \u20ac Kaution\"}]},{\"@type\":\"WebSite\",\"@id\":\"https:\/\/www.cellactiva.com\/at-de\/#website\",\"url\":\"https:\/\/www.cellactiva.com\/at-de\/\",\"name\":\"cellactiva at-DE\",\"description\":\"Bio-Physikalische Gef\u00e4\u00dftherapie\",\"publisher\":{\"@id\":\"https:\/\/www.cellactiva.com\/at-de\/#organization\"},\"potentialAction\":[{\"@type\":\"SearchAction\",\"target\":{\"@type\":\"EntryPoint\",\"urlTemplate\":\"https:\/\/www.cellactiva.com\/at-de\/?s={search_term_string}\"},\"query-input\":{\"@type\":\"PropertyValueSpecification\",\"valueRequired\":true,\"valueName\":\"search_term_string\"}}],\"inLanguage\":\"de\"},{\"@type\":\"Organization\",\"@id\":\"https:\/\/www.cellactiva.com\/at-de\/#organization\",\"name\":\"cellactiva at-DE\",\"url\":\"https:\/\/www.cellactiva.com\/at-de\/\",\"logo\":{\"@type\":\"ImageObject\",\"inLanguage\":\"de\",\"@id\":\"https:\/\/www.cellactiva.com\/at-de\/#\/schema\/logo\/image\/\",\"url\":\"https:\/\/www.cellactiva.com\/at-de\/wp-content\/uploads\/sites\/4\/2022\/10\/cellactiva_Logo_Schrift_.png\",\"contentUrl\":\"https:\/\/www.cellactiva.com\/at-de\/wp-content\/uploads\/sites\/4\/2022\/10\/cellactiva_Logo_Schrift_.png\",\"width\":361,\"height\":54,\"caption\":\"cellactiva at-DE\"},\"image\":{\"@id\":\"https:\/\/www.cellactiva.com\/at-de\/#\/schema\/logo\/image\/\"}}]}<\/script>\n<!-- \/ Yoast SEO plugin. -->","yoast_head_json":{"title":"cellactiva plus Haustier Set - 6 Wochen testen f\u00fcr 299 \u20ac + 600 \u20ac Kaution - cellactiva at-DE","robots":{"index":"noindex","follow":"follow","max-snippet":"max-snippet:-1","max-image-preview":"max-image-preview:large","max-video-preview":"max-video-preview:-1"},"og_locale":"de_DE","og_type":"article","og_title":"cellactiva plus Haustier Set - 6 Wochen testen f\u00fcr 299 \u20ac + 600 \u20ac Kaution - cellactiva at-DE","og_description":"cellactiva\u00a0Lieferumfang   1 Steuerger\u00e4t,\u00a020 x 8 x 3cm, 250g \u201etoll geeignet zur Einhand-Bedienung\u201c mit eingebautem Akku\u00a0f\u00fcr 8 \u00bd Std. Laufzeit \u201eintelligente netzunabh\u00e4ngige Behandlung\u201d  Medizinger\u00e4te-Netzteil mit extralangem Ladekabel  1 Haustier-Matte (75 x 50cm), hochwertiges 3D-Mesh, atmungsaktiv \u201ef\u00fcr das Lieblingspl\u00e4tzchen\u201c mit Sicherheits-Magnetstecker\u00a0\u201ezum Schutz des Steuerger\u00e4ts\"  1 Schutzh\u00fclle Haustier-Matte, hochwertiges Softshell \u201ein der Farbe Ihrer Wahl\u201c\u00a0als Hygieneschutz f\u00fcr medizinische und private Nutzung  +\u00a01 Schutzh\u00fclle Haustier-Matte extra\u00a0\u201ewenn die andere in der W\u00e4sche ist\u201c  1 Reisetasche, mittel\u00a0\u201ebequem mit in den Urlaub nehmen\u201c  Testen Sie jetzt\u00a0cellactiva\u00a0plus ganze 6 Wochen lang f\u00fcr nur 299 Euro.  Sie hinterlegen zus\u00e4tzlich 600 Euro Kaution, die Ihnen bei R\u00fcckgabe (einwandfreier und funktionsf\u00e4higer Zustand vorausgesetzt) erstattet, oder bei Kauf zusammen mit der Miete vollst\u00e4ndig angerechnet werden.","og_url":"https:\/\/www.cellactiva.com\/at-de\/produkt\/cellactiva-plus-haustier-set-testversion\/","og_site_name":"cellactiva at-DE","article_modified_time":"2024-01-03T09:28:56+00:00","og_image":[{"width":500,"height":354,"url":"https:\/\/www.cellactiva.com\/at-de\/wp-content\/uploads\/sites\/4\/2022\/11\/cellactiva_Set_Haustier_15_Anthrazit_r-1.png","type":"image\/png"}],"twitter_card":"summary_large_image","twitter_misc":{"Gesch\u00e4tzte Lesezeit":"1\u00a0Minute"},"schema":{"@context":"https:\/\/schema.org","@graph":[{"@type":"WebPage","@id":"https:\/\/www.cellactiva.com\/at-de\/produkt\/cellactiva-plus-haustier-set-testversion\/","url":"https:\/\/www.cellactiva.com\/at-de\/produkt\/cellactiva-plus-haustier-set-testversion\/","name":"cellactiva plus Haustier Set - 6 Wochen testen f\u00fcr 299 \u20ac + 600 \u20ac Kaution - cellactiva at-DE","isPartOf":{"@id":"https:\/\/www.cellactiva.com\/at-de\/#website"},"primaryImageOfPage":{"@id":"https:\/\/www.cellactiva.com\/at-de\/produkt\/cellactiva-plus-haustier-set-testversion\/#primaryimage"},"image":{"@id":"https:\/\/www.cellactiva.com\/at-de\/produkt\/cellactiva-plus-haustier-set-testversion\/#primaryimage"},"thumbnailUrl":"https:\/\/www.cellactiva.com\/at-de\/wp-content\/uploads\/sites\/4\/2022\/11\/cellactiva_Set_Haustier_15_Anthrazit_r-1.png","datePublished":"2022-11-05T08:10:54+00:00","dateModified":"2024-01-03T09:28:56+00:00","breadcrumb":{"@id":"https:\/\/www.cellactiva.com\/at-de\/produkt\/cellactiva-plus-haustier-set-testversion\/#breadcrumb"},"inLanguage":"de","potentialAction":[{"@type":"ReadAction","target":["https:\/\/www.cellactiva.com\/at-de\/produkt\/cellactiva-plus-haustier-set-testversion\/"]}]},{"@type":"ImageObject","inLanguage":"de","@id":"https:\/\/www.cellactiva.com\/at-de\/produkt\/cellactiva-plus-haustier-set-testversion\/#primaryimage","url":"https:\/\/www.cellactiva.com\/at-de\/wp-content\/uploads\/sites\/4\/2022\/11\/cellactiva_Set_Haustier_15_Anthrazit_r-1.png","contentUrl":"https:\/\/www.cellactiva.com\/at-de\/wp-content\/uploads\/sites\/4\/2022\/11\/cellactiva_Set_Haustier_15_Anthrazit_r-1.png","width":500,"height":354},{"@type":"BreadcrumbList","@id":"https:\/\/www.cellactiva.com\/at-de\/produkt\/cellactiva-plus-haustier-set-testversion\/#breadcrumb","itemListElement":[{"@type":"ListItem","position":1,"name":"Startseite","item":"https:\/\/www.cellactiva.com\/at-de\/"},{"@type":"ListItem","position":2,"name":"Shop","item":"https:\/\/www.cellactiva.com\/at-de\/shop\/"},{"@type":"ListItem","position":3,"name":"cellactiva plus Haustier Set &#8211; 6 Wochen testen f\u00fcr 299 \u20ac + 600 \u20ac Kaution"}]},{"@type":"WebSite","@id":"https:\/\/www.cellactiva.com\/at-de\/#website","url":"https:\/\/www.cellactiva.com\/at-de\/","name":"cellactiva at-DE","description":"Bio-Physikalische Gef\u00e4\u00dftherapie","publisher":{"@id":"https:\/\/www.cellactiva.com\/at-de\/#organization"},"potentialAction":[{"@type":"SearchAction","target":{"@type":"EntryPoint","urlTemplate":"https:\/\/www.cellactiva.com\/at-de\/?s={search_term_string}"},"query-input":{"@type":"PropertyValueSpecification","valueRequired":true,"valueName":"search_term_string"}}],"inLanguage":"de"},{"@type":"Organization","@id":"https:\/\/www.cellactiva.com\/at-de\/#organization","name":"cellactiva at-DE","url":"https:\/\/www.cellactiva.com\/at-de\/","logo":{"@type":"ImageObject","inLanguage":"de","@id":"https:\/\/www.cellactiva.com\/at-de\/#\/schema\/logo\/image\/","url":"https:\/\/www.cellactiva.com\/at-de\/wp-content\/uploads\/sites\/4\/2022\/10\/cellactiva_Logo_Schrift_.png","contentUrl":"https:\/\/www.cellactiva.com\/at-de\/wp-content\/uploads\/sites\/4\/2022\/10\/cellactiva_Logo_Schrift_.png","width":361,"height":54,"caption":"cellactiva at-DE"},"image":{"@id":"https:\/\/www.cellactiva.com\/at-de\/#\/schema\/logo\/image\/"}}]}},"_links":{"self":[{"href":"https:\/\/www.cellactiva.com\/at-de\/wp-json\/wp\/v2\/product\/782","targetHints":{"allow":["GET"]}}],"collection":[{"href":"https:\/\/www.cellactiva.com\/at-de\/wp-json\/wp\/v2\/product"}],"about":[{"href":"https:\/\/www.cellactiva.com\/at-de\/wp-json\/wp\/v2\/types\/product"}],"wp:featuredmedia":[{"embeddable":true,"href":"https:\/\/www.cellactiva.com\/at-de\/wp-json\/wp\/v2\/media\/1852"}],"wp:attachment":[{"href":"https:\/\/www.cellactiva.com\/at-de\/wp-json\/wp\/v2\/media?parent=782"}],"wp:term":[{"taxonomy":"product_brand","embeddable":true,"href":"https:\/\/www.cellactiva.com\/at-de\/wp-json\/wp\/v2\/product_brand?post=782"},{"taxonomy":"product_cat","embeddable":true,"href":"https:\/\/www.cellactiva.com\/at-de\/wp-json\/wp\/v2\/product_cat?post=782"},{"taxonomy":"product_tag","embeddable":true,"href":"https:\/\/www.cellactiva.com\/at-de\/wp-json\/wp\/v2\/product_tag?post=782"}],"curies":[{"name":"wp","href":"https:\/\/api.w.org\/{rel}","templated":true}]}}