{"id":290,"date":"2022-10-13T12:47:39","date_gmt":"2022-10-13T10:47:39","guid":{"rendered":"https:\/\/www.cellactiva.com\/de-de\/?page_id=290"},"modified":"2024-01-26T13:47:39","modified_gmt":"2024-01-26T12:47:39","slug":"haustier","status":"publish","type":"page","link":"https:\/\/www.cellactiva.com\/de-de\/haustier\/","title":{"rendered":"Haustier"},"content":{"rendered":"<p>[et_pb_section fb_built=&#8220;1&#8243; _builder_version=&#8220;4.18.0&#8243; _module_preset=&#8220;default&#8220; global_colors_info=&#8220;{}&#8220;][et_pb_row _builder_version=&#8220;4.18.1&#8243; _module_preset=&#8220;default&#8220; global_colors_info=&#8220;{}&#8220;][et_pb_column type=&#8220;4_4&#8243; _builder_version=&#8220;4.18.1&#8243; _module_preset=&#8220;default&#8220; global_colors_info=&#8220;{}&#8220;][et_pb_text _builder_version=&#8220;4.18.1&#8243; _module_preset=&#8220;default&#8220; global_colors_info=&#8220;{}&#8220;]<\/p>\n<h1 style=\"text-align: center;\"><strong>cell<\/strong><em>activa<\/em><span>\u00a0<\/span><strong>plus<\/strong><span> Haustier Set<\/span><\/h1>\n<p>[\/et_pb_text][\/et_pb_column][\/et_pb_row][et_pb_row _builder_version=&#8220;4.18.0&#8243; _module_preset=&#8220;default&#8220; global_colors_info=&#8220;{}&#8220;][et_pb_column type=&#8220;4_4&#8243; _builder_version=&#8220;4.18.0&#8243; _module_preset=&#8220;default&#8220; global_colors_info=&#8220;{}&#8220;][et_pb_image src=&#8220;https:\/\/www.cellactiva.com\/de-de\/wp-content\/uploads\/sites\/2\/2023\/12\/01-Toffee.jpg&#8220; title_text=&#8220;01 Toffee&#8220; _builder_version=&#8220;4.23.1&#8243; _module_preset=&#8220;default&#8220; border_radii=&#8220;on|10px|10px|10px|10px&#8220; global_colors_info=&#8220;{}&#8220;][\/et_pb_image][et_pb_text _builder_version=&#8220;4.23.1&#8243; _module_preset=&#8220;default&#8220; text_font=&#8220;||||||||&#8220; text_text_color=&#8220;#9B111E&#8220; text_font_size=&#8220;30px&#8220; text_line_height=&#8220;1.8em&#8220; header_font=&#8220;||||||||&#8220; custom_margin=&#8220;20px||20px||false|false&#8220; custom_padding=&#8220;||20px||false|false&#8220; global_colors_info=&#8220;{}&#8220;]<\/p>\n<p style=\"text-align: center;\">&#8222;Toffee&#8230; komm&#8230; es ist Zeit f\u00fcr dein t\u00e4gliches cellactiva Gesundheitstraining&#8230;&#8220;<\/p>\n<p>[\/et_pb_text][et_pb_image src=&#8220;https:\/\/www.cellactiva.com\/de-de\/wp-content\/uploads\/sites\/2\/2023\/12\/02-Toffee_r.jpg&#8220; title_text=&#8220;02 Toffee_r&#8220; align=&#8220;center&#8220; _builder_version=&#8220;4.23.1&#8243; _module_preset=&#8220;default&#8220; border_radii=&#8220;on|10px|10px|10px|10px&#8220; global_colors_info=&#8220;{}&#8220;][\/et_pb_image][et_pb_text _builder_version=&#8220;4.23.1&#8243; _module_preset=&#8220;default&#8220; text_font=&#8220;||||||||&#8220; text_text_color=&#8220;#9B111E&#8220; text_font_size=&#8220;30px&#8220; text_line_height=&#8220;1.8em&#8220; header_font=&#8220;||||||||&#8220; custom_margin=&#8220;20px||20px||false|false&#8220; custom_padding=&#8220;||20px||false|false&#8220; global_colors_info=&#8220;{}&#8220;]<\/p>\n<p style=\"text-align: center;\">&gt;&gt;&gt; Eins, zwei, drei&#8230; ich bin dabei&#8230; &lt;&lt;&lt;<\/p>\n<p>[\/et_pb_text][et_pb_image src=&#8220;https:\/\/www.cellactiva.com\/de-de\/wp-content\/uploads\/sites\/2\/2023\/12\/04-Toffee.jpg&#8220; title_text=&#8220;04 Toffee&#8220; align=&#8220;center&#8220; _builder_version=&#8220;4.23.1&#8243; _module_preset=&#8220;default&#8220; border_radii=&#8220;on|10px|10px|10px|10px&#8220; global_colors_info=&#8220;{}&#8220;][\/et_pb_image][et_pb_text _builder_version=&#8220;4.23.1&#8243; _module_preset=&#8220;default&#8220; text_font=&#8220;||||||||&#8220; text_text_color=&#8220;#9B111E&#8220; text_font_size=&#8220;30px&#8220; text_line_height=&#8220;1.8em&#8220; header_font=&#8220;||||||||&#8220; custom_margin=&#8220;20px||20px||false|false&#8220; custom_padding=&#8220;||20px||false|false&#8220; global_colors_info=&#8220;{}&#8220;]<\/p>\n<p style=\"text-align: center;\">&gt;&gt;&gt; Mein eigenes Kissen f\u00fcr mein cellactiva Gesundheitstraining &lt;&lt;&lt;<\/p>\n<p>[\/et_pb_text][et_pb_image src=&#8220;https:\/\/www.cellactiva.com\/de-de\/wp-content\/uploads\/sites\/2\/2023\/12\/03-Toffee.jpg&#8220; title_text=&#8220;03 Toffee&#8220; align=&#8220;center&#8220; _builder_version=&#8220;4.23.1&#8243; _module_preset=&#8220;default&#8220; border_radii=&#8220;on|10px|10px|10px|10px&#8220; global_colors_info=&#8220;{}&#8220;][\/et_pb_image][et_pb_text _builder_version=&#8220;4.23.1&#8243; _module_preset=&#8220;default&#8220; text_font=&#8220;||||||||&#8220; text_text_color=&#8220;#9B111E&#8220; text_font_size=&#8220;30px&#8220; text_line_height=&#8220;1.8em&#8220; header_font=&#8220;||||||||&#8220; custom_margin=&#8220;20px||20px||false|false&#8220; custom_padding=&#8220;||20px||false|false&#8220; hover_enabled=&#8220;0&#8243; global_colors_info=&#8220;{}&#8220; sticky_enabled=&#8220;0&#8243;]<\/p>\n<p style=\"text-align: center;\">&gt;&gt;&gt; &#8230;und wie ich das geniesse&#8230; Tag f\u00fcr Tag&#8230;\u00a0 &lt;&lt;&lt;<\/p>\n<p>[\/et_pb_text][et_pb_image src=&#8220;https:\/\/www.cellactiva.com\/de-de\/wp-content\/uploads\/sites\/2\/2023\/12\/06-Toffee.jpg&#8220; title_text=&#8220;06 Toffee&#8220; align=&#8220;center&#8220; _builder_version=&#8220;4.23.1&#8243; _module_preset=&#8220;default&#8220; border_radii=&#8220;on|10px|10px|10px|10px&#8220; global_colors_info=&#8220;{}&#8220;][\/et_pb_image][et_pb_text _builder_version=&#8220;4.23.1&#8243; _module_preset=&#8220;default&#8220; text_font=&#8220;||||||||&#8220; text_text_color=&#8220;#9B111E&#8220; text_font_size=&#8220;30px&#8220; text_line_height=&#8220;1.8em&#8220; header_font=&#8220;||||||||&#8220; custom_margin=&#8220;20px||20px||false|false&#8220; custom_padding=&#8220;||20px||false|false&#8220; global_colors_info=&#8220;{}&#8220;]<\/p>\n<p style=\"text-align: center;\">&gt;&gt;&gt; Wuff, ich bin es&#8230; Toffee &lt;&lt;&lt;<\/p>\n<p>[\/et_pb_text][et_pb_image src=&#8220;https:\/\/www.cellactiva.com\/de-de\/wp-content\/uploads\/sites\/2\/2023\/12\/05-Toffee.jpg&#8220; title_text=&#8220;05 Toffee&#8220; align=&#8220;center&#8220; _builder_version=&#8220;4.23.1&#8243; _module_preset=&#8220;default&#8220; border_radii=&#8220;on|10px|10px|10px|10px&#8220; global_colors_info=&#8220;{}&#8220;][\/et_pb_image][et_pb_text _builder_version=&#8220;4.23.1&#8243; _module_preset=&#8220;default&#8220; text_font=&#8220;||||||||&#8220; text_text_color=&#8220;#9B111E&#8220; text_font_size=&#8220;30px&#8220; text_line_height=&#8220;1.8em&#8220; header_font=&#8220;||||||||&#8220; custom_margin=&#8220;20px||20px||false|false&#8220; custom_padding=&#8220;||20px||false|false&#8220; global_colors_info=&#8220;{}&#8220;]<\/p>\n<p style=\"text-align: center;\">&gt;&gt;&gt; Siehst du, wie gut mir das tut?\u00a0 &lt;&lt;&lt;<\/p>\n<p>[\/et_pb_text][et_pb_image src=&#8220;https:\/\/www.cellactiva.com\/de-de\/wp-content\/uploads\/sites\/2\/2023\/12\/07-Toffee.jpg&#8220; title_text=&#8220;07 Toffee&#8220; align=&#8220;center&#8220; _builder_version=&#8220;4.23.1&#8243; _module_preset=&#8220;default&#8220; border_radii=&#8220;on|10px|10px|10px|10px&#8220; global_colors_info=&#8220;{}&#8220;][\/et_pb_image][et_pb_text _builder_version=&#8220;4.23.1&#8243; _module_preset=&#8220;default&#8220; text_font=&#8220;||||||||&#8220; text_text_color=&#8220;#9B111E&#8220; text_font_size=&#8220;30px&#8220; text_line_height=&#8220;1.8em&#8220; header_font=&#8220;||||||||&#8220; custom_margin=&#8220;20px||20px||false|false&#8220; custom_padding=&#8220;||20px||false|false&#8220; global_colors_info=&#8220;{}&#8220;]<\/p>\n<p style=\"text-align: center;\">&gt;&gt;&gt; Und f\u00fcr mein Frauchen bin ich sowieso der Gr\u00f6\u00dfte&#8230; &lt;&lt;&lt;<\/p>\n<p>[\/et_pb_text][\/et_pb_column][\/et_pb_row][et_pb_row _builder_version=&#8220;4.18.0&#8243; _module_preset=&#8220;default&#8220; global_colors_info=&#8220;{}&#8220;][et_pb_column type=&#8220;4_4&#8243; _builder_version=&#8220;4.18.0&#8243; _module_preset=&#8220;default&#8220; global_colors_info=&#8220;{}&#8220;][et_pb_text _builder_version=&#8220;4.19.0&#8243; _module_preset=&#8220;default&#8220; text_text_color=&#8220;#9B111E&#8220; text_font_size=&#8220;24px&#8220; text_line_height=&#8220;1.8em&#8220; global_colors_info=&#8220;{}&#8220;]<\/p>\n<p style=\"text-align: center;\">Freuen Sie sich auf Ihr <strong>cella<\/strong><em>ctiva<\/em> <strong>plus <\/strong>Haustier-Set<\/p>\n<p>[\/et_pb_text][et_pb_button button_url=&#8220;https:\/\/www.cellactiva.com\/de-de\/shop\/&#8220; button_text=&#8220;Jetzt cellactiva plus bestellen.&#8220; button_alignment=&#8220;center&#8220; _builder_version=&#8220;4.18.0&#8243; _module_preset=&#8220;default&#8220; custom_button=&#8220;on&#8220; button_text_size=&#8220;28px&#8220; button_bg_color=&#8220;#efb700&#8243; button_border_width=&#8220;0px&#8220; button_border_radius=&#8220;15px&#8220; button_font=&#8220;Verdana|600|||||||&#8220; button_use_icon=&#8220;off&#8220; background_layout=&#8220;dark&#8220; custom_margin=&#8220;20px|20px|20px|20px|false|false&#8220; custom_padding=&#8220;20px|20px|20px|20px|false|false&#8220; global_colors_info=&#8220;{}&#8220;][\/et_pb_button][\/et_pb_column][\/et_pb_row][et_pb_row _builder_version=&#8220;4.18.0&#8243; _module_preset=&#8220;default&#8220; global_colors_info=&#8220;{}&#8220;][et_pb_column type=&#8220;4_4&#8243; _builder_version=&#8220;4.18.0&#8243; _module_preset=&#8220;default&#8220; global_colors_info=&#8220;{}&#8220;][et_pb_text _builder_version=&#8220;4.19.0&#8243; _module_preset=&#8220;default&#8220; text_text_color=&#8220;#9B111E&#8220; text_font_size=&#8220;24px&#8220; text_line_height=&#8220;1.8em&#8220; global_colors_info=&#8220;{}&#8220;]<\/p>\n<p style=\"text-align: center;\">Testen Sie jetzt <strong>cell<\/strong><em>activa<\/em> <strong>plus<\/strong> Haustier-Set <br \/>ganze 6 Wochen lang f\u00fcr nur 299 Euro.<\/p>\n<p>[\/et_pb_text][et_pb_text _builder_version=&#8220;4.19.1&#8243; _module_preset=&#8220;default&#8220; text_line_height=&#8220;1.8em&#8220; custom_margin=&#8220;15px||||false|false&#8220; global_colors_info=&#8220;{}&#8220;]<\/p>\n<p style=\"text-align: center;\">Sie hinterlegen f\u00fcr das Haustier-Set zus\u00e4tzlich 600 Euro Kaution, die Ihnen bei R\u00fcckgabe<br \/>(einwandfreier und funktionsf\u00e4higer Zustand vorausgesetzt)<br \/>erstattet, oder bei Kauf zusammen mit der Miete vollst\u00e4ndig angerechnet werden.<\/p>\n<p>[\/et_pb_text][et_pb_button button_url=&#8220;https:\/\/www.cellactiva.com\/de-de\/shop\/&#8220; button_text=&#8220;Jetzt cellactiva plus 6 Wochen mieten und testen.&#8220; button_alignment=&#8220;center&#8220; _builder_version=&#8220;4.18.0&#8243; _module_preset=&#8220;default&#8220; custom_button=&#8220;on&#8220; button_text_size=&#8220;28px&#8220; button_bg_color=&#8220;#efb700&#8243; button_border_width=&#8220;0px&#8220; button_border_radius=&#8220;15px&#8220; button_font=&#8220;Verdana|600|||||||&#8220; button_use_icon=&#8220;off&#8220; background_layout=&#8220;dark&#8220; custom_margin=&#8220;20px|20px|20px|20px|false|false&#8220; custom_padding=&#8220;20px|20px|20px|20px|false|false&#8220; global_colors_info=&#8220;{}&#8220;][\/et_pb_button][\/et_pb_column][\/et_pb_row][et_pb_row _builder_version=&#8220;4.18.0&#8243; _module_preset=&#8220;default&#8220; global_colors_info=&#8220;{}&#8220;][et_pb_column type=&#8220;4_4&#8243; _builder_version=&#8220;4.18.0&#8243; _module_preset=&#8220;default&#8220; global_colors_info=&#8220;{}&#8220;][et_pb_text _builder_version=&#8220;4.19.1&#8243; _module_preset=&#8220;default&#8220; text_text_color=&#8220;#9B111E&#8220; text_font_size=&#8220;24px&#8220; text_line_height=&#8220;1.8em&#8220; global_colors_info=&#8220;{}&#8220;]<\/p>\n<p style=\"text-align: center;\">Lassen Sie uns gemeinsam herausfinden, ob das <strong>cella<\/strong><em>ctiva<\/em> <strong>plus<\/strong> Haustier-Set auch f\u00fcr Ihren Liebling eine sinnvolle Behandlung sein kann.<\/p>\n<p style=\"text-align: center;\"><strong>Wir beraten Sie gerne pers\u00f6nlich am Telefon.<\/strong><\/p>\n<p style=\"text-align: center;\">Sie erreichen uns unter<br \/><strong>+49 771 896 599 24<\/strong><\/p>\n<p>[\/et_pb_text][\/et_pb_column][\/et_pb_row][et_pb_row disabled_on=&#8220;on|on|on&#8220; _builder_version=&#8220;4.21.0&#8243; _module_preset=&#8220;default&#8220; disabled=&#8220;on&#8220; global_module=&#8220;238&#8243; global_colors_info=&#8220;{}&#8220;][et_pb_column type=&#8220;4_4&#8243; _builder_version=&#8220;4.18.0&#8243; _module_preset=&#8220;default&#8220; global_colors_info=&#8220;{}&#8220;][et_pb_text _builder_version=&#8220;4.18.0&#8243; _module_preset=&#8220;default&#8220; text_text_color=&#8220;#9B111E&#8220; text_font_size=&#8220;24px&#8220; text_line_height=&#8220;1.8em&#8220; global_colors_info=&#8220;{}&#8220;]<\/p>\n<p style=\"text-align: center;\"><strong>Gerne beantworten wir Ihre Fragen auch schriftlich.<\/strong><\/p>\n<p>[\/et_pb_text][et_pb_button button_url=&#8220;mailto:info@cellactiva.com&#8220; button_text=&#8220;Hier klicken. Jetzt meine Fragen schreiben!&#8220; button_alignment=&#8220;center&#8220; _builder_version=&#8220;4.18.0&#8243; _module_preset=&#8220;default&#8220; custom_button=&#8220;on&#8220; button_text_size=&#8220;28px&#8220; button_bg_color=&#8220;#efb700&#8243; button_border_width=&#8220;0px&#8220; button_border_radius=&#8220;15px&#8220; button_font=&#8220;Verdana|600|||||||&#8220; button_use_icon=&#8220;off&#8220; background_layout=&#8220;dark&#8220; custom_margin=&#8220;20px|20px|20px|20px|false|false&#8220; custom_padding=&#8220;20px|20px|20px|20px|false|false&#8220; global_colors_info=&#8220;{}&#8220;][\/et_pb_button][\/et_pb_column][\/et_pb_row][et_pb_row column_structure=&#8220;1_2,1_2&#8243; _builder_version=&#8220;4.19.0&#8243; _module_preset=&#8220;default&#8220; global_module=&#8220;239&#8243; saved_tabs=&#8220;all&#8220; global_colors_info=&#8220;{}&#8220;][et_pb_column type=&#8220;1_2&#8243; _builder_version=&#8220;4.19.0&#8243; _module_preset=&#8220;default&#8220; border_radii=&#8220;off|10px|0px|0px|10px&#8220; global_colors_info=&#8220;{}&#8220;][et_pb_image src=&#8220;https:\/\/www.cellactiva.com\/de-de\/wp-content\/uploads\/sites\/2\/2022\/11\/cellactiva_99-wertvolle-Tipps-fuer-ein-natuerlich-starkes-Immunsystem_C_r.png&#8220; title_text=&#8220;cellactiva_99-wertvolle-Tipps-f\u00fcr-ein-nat\u00fcrlich-starkes-Immunsystem_C_r&#8220; _builder_version=&#8220;4.19.1&#8243; _module_preset=&#8220;default&#8220; border_radii=&#8220;on|10px|10px|10px|10px&#8220; global_colors_info=&#8220;{}&#8220;][\/et_pb_image][\/et_pb_column][et_pb_column type=&#8220;1_2&#8243; _builder_version=&#8220;4.19.0&#8243; _module_preset=&#8220;default&#8220; border_radii=&#8220;off|0px|10px|10px|0px&#8220; global_colors_info=&#8220;{}&#8220;][et_pb_text _builder_version=&#8220;4.19.0&#8243; _module_preset=&#8220;default&#8220; text_text_color=&#8220;#9B111E&#8220; text_font_size=&#8220;24px&#8220; text_line_height=&#8220;1.8em&#8220; global_colors_info=&#8220;{}&#8220;]<\/p>\n<p style=\"text-align: center;\"><strong>Was kann ich alles selbst f\u00fcr meine Gesundheit tun?<\/strong><\/p>\n<p style=\"text-align: center;\">99 wertvolle Tipps f\u00fcr ein nat\u00fcrlich starkes Immunsystem<\/p>\n<p style=\"text-align: center;\"><strong>cella<\/strong><em>ctiva<\/em> <strong>plus<\/strong> eBook<\/p>\n<p style=\"text-align: center;\">[\/et_pb_text][et_pb_code _builder_version=&#8220;4.21.0&#8243; _module_preset=&#8220;default&#8220; global_colors_info=&#8220;{}&#8220;]<iframe loading=\"lazy\" class=\"ktv2\" src=\"https:\/\/assets.klicktipp.com\/userimages\/182712\/forms\/273523\/6d9xz495cz8z6d1c.html\" style=\"position:relative;display:inline-block;border:none;background:transparent none no-repeat scroll 0 0;margin:0;\" width=\"500\" height=\"266\" scrolling=\"no\"><\/iframe>[\/et_pb_code][\/et_pb_column][\/et_pb_row][\/et_pb_section]<\/p>\n","protected":false},"excerpt":{"rendered":"<p>cellactiva\u00a0plus Haustier Set&#8220;Toffee&#8230; komm&#8230; es ist Zeit f\u00fcr dein t\u00e4gliches cellactiva Gesundheitstraining&#8230;&#8220;&gt;&gt;&gt; Eins, zwei, drei&#8230; ich bin dabei&#8230; &lt;&lt;&lt;&gt;&gt;&gt; Mein eigenes Kissen f\u00fcr mein cellactiva Gesundheitstraining &lt;&lt;&lt;&gt;&gt;&gt; &#8230;und wie ich das geniesse&#8230; Tag f\u00fcr Tag&#8230;\u00a0 &lt;&lt;&lt;&gt;&gt;&gt; Wuff, ich bin es&#8230; Toffee &lt;&lt;&lt;&gt;&gt;&gt; Siehst du, wie gut mir das tut?\u00a0 &lt;&lt;&lt;&gt;&gt;&gt; Und f\u00fcr mein Frauchen bin [&hellip;]<\/p>\n","protected":false},"author":3,"featured_media":0,"parent":0,"menu_order":0,"comment_status":"closed","ping_status":"closed","template":"","meta":{"_acf_changed":false,"_et_pb_use_builder":"on","_et_pb_old_content":"","_et_gb_content_width":"","footnotes":""},"class_list":["post-290","page","type-page","status-publish","hentry"],"acf":[],"yoast_head":"<!-- This site is optimized with the Yoast SEO plugin v25.3 - https:\/\/yoast.com\/wordpress\/plugins\/seo\/ -->\n<title>Haustier - cellactiva de-DE<\/title>\n<meta name=\"robots\" content=\"index, follow, max-snippet:-1, max-image-preview:large, max-video-preview:-1\" \/>\n<link rel=\"canonical\" href=\"https:\/\/www.cellactiva.com\/de-de\/haustier\/\" \/>\n<meta property=\"og:locale\" content=\"de_DE\" \/>\n<meta property=\"og:type\" content=\"article\" \/>\n<meta property=\"og:title\" content=\"Haustier - cellactiva de-DE\" \/>\n<meta property=\"og:description\" content=\"cellactiva\u00a0plus Haustier Set&quot;Toffee... komm... es ist Zeit f\u00fcr dein t\u00e4gliches cellactiva Gesundheitstraining...&quot;&gt;&gt;&gt; Eins, zwei, drei... ich bin dabei... &lt;&lt;&lt;&gt;&gt;&gt; Mein eigenes Kissen f\u00fcr mein cellactiva Gesundheitstraining &lt;&lt;&lt;&gt;&gt;&gt; ...und wie ich das geniesse... Tag f\u00fcr Tag...\u00a0 &lt;&lt;&lt;&gt;&gt;&gt; Wuff, ich bin es... Toffee &lt;&lt;&lt;&gt;&gt;&gt; Siehst du, wie gut mir das tut?\u00a0 &lt;&lt;&lt;&gt;&gt;&gt; Und f\u00fcr mein Frauchen bin [&hellip;]\" \/>\n<meta property=\"og:url\" content=\"https:\/\/www.cellactiva.com\/de-de\/haustier\/\" \/>\n<meta property=\"og:site_name\" content=\"cellactiva de-DE\" \/>\n<meta property=\"article:modified_time\" content=\"2024-01-26T12:47:39+00:00\" \/>\n<meta name=\"twitter:card\" content=\"summary_large_image\" \/>\n<meta name=\"twitter:label1\" content=\"Gesch\u00e4tzte Lesezeit\" \/>\n\t<meta name=\"twitter:data1\" content=\"7\u00a0Minuten\" \/>\n<script type=\"application\/ld+json\" class=\"yoast-schema-graph\">{\"@context\":\"https:\/\/schema.org\",\"@graph\":[{\"@type\":\"WebPage\",\"@id\":\"https:\/\/www.cellactiva.com\/de-de\/haustier\/\",\"url\":\"https:\/\/www.cellactiva.com\/de-de\/haustier\/\",\"name\":\"Haustier - cellactiva de-DE\",\"isPartOf\":{\"@id\":\"https:\/\/www.cellactiva.com\/de-de\/#website\"},\"datePublished\":\"2022-10-13T10:47:39+00:00\",\"dateModified\":\"2024-01-26T12:47:39+00:00\",\"breadcrumb\":{\"@id\":\"https:\/\/www.cellactiva.com\/de-de\/haustier\/#breadcrumb\"},\"inLanguage\":\"de\",\"potentialAction\":[{\"@type\":\"ReadAction\",\"target\":[\"https:\/\/www.cellactiva.com\/de-de\/haustier\/\"]}]},{\"@type\":\"BreadcrumbList\",\"@id\":\"https:\/\/www.cellactiva.com\/de-de\/haustier\/#breadcrumb\",\"itemListElement\":[{\"@type\":\"ListItem\",\"position\":1,\"name\":\"Startseite\",\"item\":\"https:\/\/www.cellactiva.com\/de-de\/\"},{\"@type\":\"ListItem\",\"position\":2,\"name\":\"Haustier\"}]},{\"@type\":\"WebSite\",\"@id\":\"https:\/\/www.cellactiva.com\/de-de\/#website\",\"url\":\"https:\/\/www.cellactiva.com\/de-de\/\",\"name\":\"cellactiva de-DE\",\"description\":\"Bio-Physikalische Gef\u00e4\u00dftherapie\",\"publisher\":{\"@id\":\"https:\/\/www.cellactiva.com\/de-de\/#organization\"},\"potentialAction\":[{\"@type\":\"SearchAction\",\"target\":{\"@type\":\"EntryPoint\",\"urlTemplate\":\"https:\/\/www.cellactiva.com\/de-de\/?s={search_term_string}\"},\"query-input\":{\"@type\":\"PropertyValueSpecification\",\"valueRequired\":true,\"valueName\":\"search_term_string\"}}],\"inLanguage\":\"de\"},{\"@type\":\"Organization\",\"@id\":\"https:\/\/www.cellactiva.com\/de-de\/#organization\",\"name\":\"cellactiva de-DE\",\"url\":\"https:\/\/www.cellactiva.com\/de-de\/\",\"logo\":{\"@type\":\"ImageObject\",\"inLanguage\":\"de\",\"@id\":\"https:\/\/www.cellactiva.com\/de-de\/#\/schema\/logo\/image\/\",\"url\":\"https:\/\/www.cellactiva.com\/de-de\/wp-content\/uploads\/sites\/2\/2022\/10\/cellactiva_Logo_Schrift_.png\",\"contentUrl\":\"https:\/\/www.cellactiva.com\/de-de\/wp-content\/uploads\/sites\/2\/2022\/10\/cellactiva_Logo_Schrift_.png\",\"width\":361,\"height\":54,\"caption\":\"cellactiva de-DE\"},\"image\":{\"@id\":\"https:\/\/www.cellactiva.com\/de-de\/#\/schema\/logo\/image\/\"}}]}<\/script>\n<!-- \/ Yoast SEO plugin. -->","yoast_head_json":{"title":"Haustier - cellactiva de-DE","robots":{"index":"index","follow":"follow","max-snippet":"max-snippet:-1","max-image-preview":"max-image-preview:large","max-video-preview":"max-video-preview:-1"},"canonical":"https:\/\/www.cellactiva.com\/de-de\/haustier\/","og_locale":"de_DE","og_type":"article","og_title":"Haustier - cellactiva de-DE","og_description":"cellactiva\u00a0plus Haustier Set\"Toffee... komm... es ist Zeit f\u00fcr dein t\u00e4gliches cellactiva Gesundheitstraining...\"&gt;&gt;&gt; Eins, zwei, drei... ich bin dabei... &lt;&lt;&lt;&gt;&gt;&gt; Mein eigenes Kissen f\u00fcr mein cellactiva Gesundheitstraining &lt;&lt;&lt;&gt;&gt;&gt; ...und wie ich das geniesse... Tag f\u00fcr Tag...\u00a0 &lt;&lt;&lt;&gt;&gt;&gt; Wuff, ich bin es... Toffee &lt;&lt;&lt;&gt;&gt;&gt; Siehst du, wie gut mir das tut?\u00a0 &lt;&lt;&lt;&gt;&gt;&gt; Und f\u00fcr mein Frauchen bin [&hellip;]","og_url":"https:\/\/www.cellactiva.com\/de-de\/haustier\/","og_site_name":"cellactiva de-DE","article_modified_time":"2024-01-26T12:47:39+00:00","twitter_card":"summary_large_image","twitter_misc":{"Gesch\u00e4tzte Lesezeit":"7\u00a0Minuten"},"schema":{"@context":"https:\/\/schema.org","@graph":[{"@type":"WebPage","@id":"https:\/\/www.cellactiva.com\/de-de\/haustier\/","url":"https:\/\/www.cellactiva.com\/de-de\/haustier\/","name":"Haustier - cellactiva de-DE","isPartOf":{"@id":"https:\/\/www.cellactiva.com\/de-de\/#website"},"datePublished":"2022-10-13T10:47:39+00:00","dateModified":"2024-01-26T12:47:39+00:00","breadcrumb":{"@id":"https:\/\/www.cellactiva.com\/de-de\/haustier\/#breadcrumb"},"inLanguage":"de","potentialAction":[{"@type":"ReadAction","target":["https:\/\/www.cellactiva.com\/de-de\/haustier\/"]}]},{"@type":"BreadcrumbList","@id":"https:\/\/www.cellactiva.com\/de-de\/haustier\/#breadcrumb","itemListElement":[{"@type":"ListItem","position":1,"name":"Startseite","item":"https:\/\/www.cellactiva.com\/de-de\/"},{"@type":"ListItem","position":2,"name":"Haustier"}]},{"@type":"WebSite","@id":"https:\/\/www.cellactiva.com\/de-de\/#website","url":"https:\/\/www.cellactiva.com\/de-de\/","name":"cellactiva de-DE","description":"Bio-Physikalische Gef\u00e4\u00dftherapie","publisher":{"@id":"https:\/\/www.cellactiva.com\/de-de\/#organization"},"potentialAction":[{"@type":"SearchAction","target":{"@type":"EntryPoint","urlTemplate":"https:\/\/www.cellactiva.com\/de-de\/?s={search_term_string}"},"query-input":{"@type":"PropertyValueSpecification","valueRequired":true,"valueName":"search_term_string"}}],"inLanguage":"de"},{"@type":"Organization","@id":"https:\/\/www.cellactiva.com\/de-de\/#organization","name":"cellactiva de-DE","url":"https:\/\/www.cellactiva.com\/de-de\/","logo":{"@type":"ImageObject","inLanguage":"de","@id":"https:\/\/www.cellactiva.com\/de-de\/#\/schema\/logo\/image\/","url":"https:\/\/www.cellactiva.com\/de-de\/wp-content\/uploads\/sites\/2\/2022\/10\/cellactiva_Logo_Schrift_.png","contentUrl":"https:\/\/www.cellactiva.com\/de-de\/wp-content\/uploads\/sites\/2\/2022\/10\/cellactiva_Logo_Schrift_.png","width":361,"height":54,"caption":"cellactiva de-DE"},"image":{"@id":"https:\/\/www.cellactiva.com\/de-de\/#\/schema\/logo\/image\/"}}]}},"_links":{"self":[{"href":"https:\/\/www.cellactiva.com\/de-de\/wp-json\/wp\/v2\/pages\/290","targetHints":{"allow":["GET"]}}],"collection":[{"href":"https:\/\/www.cellactiva.com\/de-de\/wp-json\/wp\/v2\/pages"}],"about":[{"href":"https:\/\/www.cellactiva.com\/de-de\/wp-json\/wp\/v2\/types\/page"}],"author":[{"embeddable":true,"href":"https:\/\/www.cellactiva.com\/de-de\/wp-json\/wp\/v2\/users\/3"}],"replies":[{"embeddable":true,"href":"https:\/\/www.cellactiva.com\/de-de\/wp-json\/wp\/v2\/comments?post=290"}],"version-history":[{"count":14,"href":"https:\/\/www.cellactiva.com\/de-de\/wp-json\/wp\/v2\/pages\/290\/revisions"}],"predecessor-version":[{"id":2892,"href":"https:\/\/www.cellactiva.com\/de-de\/wp-json\/wp\/v2\/pages\/290\/revisions\/2892"}],"wp:attachment":[{"href":"https:\/\/www.cellactiva.com\/de-de\/wp-json\/wp\/v2\/media?parent=290"}],"curies":[{"name":"wp","href":"https:\/\/api.w.org\/{rel}","templated":true}]}}