{"id":326,"date":"2022-10-13T14:31:07","date_gmt":"2022-10-13T12:31:07","guid":{"rendered":"https:\/\/www.cellactiva.com\/de-de\/?page_id=326"},"modified":"2023-08-06T06:51:35","modified_gmt":"2023-08-06T04:51:35","slug":"magnetfelder","status":"publish","type":"page","link":"https:\/\/www.cellactiva.com\/de-de\/magnetfelder\/","title":{"rendered":"Magnetfelder"},"content":{"rendered":"<p>[et_pb_section fb_built=&#8220;1&#8243; _builder_version=&#8220;4.18.0&#8243; _module_preset=&#8220;default&#8220; global_colors_info=&#8220;{}&#8220;][et_pb_row _builder_version=&#8220;4.18.0&#8243; _module_preset=&#8220;default&#8220; global_colors_info=&#8220;{}&#8220;][et_pb_column type=&#8220;4_4&#8243; _builder_version=&#8220;4.18.0&#8243; _module_preset=&#8220;default&#8220; global_colors_info=&#8220;{}&#8220;][et_pb_text _builder_version=&#8220;4.18.1&#8243; _module_preset=&#8220;default&#8220; text_text_color=&#8220;#9B111E&#8220; text_font_size=&#8220;24px&#8220; text_line_height=&#8220;1.8em&#8220; global_colors_info=&#8220;{}&#8220;]<\/p>\n<h1 style=\"text-align: center;\">Die 3 Wirkungen von Magnetfeldern im Organismus<\/h1>\n<p>[\/et_pb_text][\/et_pb_column][\/et_pb_row][et_pb_row column_structure=&#8220;2_5,3_5&#8243; _builder_version=&#8220;4.18.1&#8243; _module_preset=&#8220;default&#8220; global_colors_info=&#8220;{}&#8220;][et_pb_column type=&#8220;2_5&#8243; _builder_version=&#8220;4.18.1&#8243; _module_preset=&#8220;default&#8220; border_radii=&#8220;off|10px|0px|0px|10px&#8220; global_colors_info=&#8220;{}&#8220;][et_pb_image src=&#8220;https:\/\/www.cellactiva.com\/de-de\/wp-content\/uploads\/sites\/2\/2022\/11\/cellactiva_Wirkung-Magnetfeld-Energie__r.jpg&#8220; title_text=&#8220;cellactiva_Wirkung-Magnetfeld-Energie__r&#8220; _builder_version=&#8220;4.19.0&#8243; _module_preset=&#8220;default&#8220; border_radii=&#8220;on|10px|10px|10px|10px&#8220; global_colors_info=&#8220;{}&#8220;][\/et_pb_image][\/et_pb_column][et_pb_column type=&#8220;3_5&#8243; _builder_version=&#8220;4.18.1&#8243; _module_preset=&#8220;default&#8220; border_radii=&#8220;off|0px|10px|10px|0px&#8220; global_colors_info=&#8220;{}&#8220;][et_pb_text _builder_version=&#8220;4.18.1&#8243; _module_preset=&#8220;default&#8220; global_colors_info=&#8220;{}&#8220;]<\/p>\n<h2><strong>Energie<\/strong><\/h2>\n<p><strong>Vielleicht erinnern sie sich noch an den Physikunterricht<\/strong>, als sie mit einem Magneten einen anderen angezogen oder abgesto\u00dfen haben. Magnete haben ein Kraftfeld, das sogenannte Magnetfeld.<\/p>\n<p>Das existiert bei den eben erw\u00e4hnten Permanentmagneten. Aber ein Magnetfeld entsteht auch immer dann, wenn ein elektrischer Strom flie\u00dft. Beim elektrischen Strom flie\u00dfen elektrisch negativ geladene Elektronen durch das Kabel. Dieser flie\u00dfende Strom erzeugt ein elektrisches Feld, das wiederum ein Magnetfeld erzeugt.<\/p>\n<p>Ein Magnetfeld in K\u00f6rpern\u00e4he \u00fcbt seine Kraft auf den Organismus aus. Es kann bestimmte Teilchen wie z.B. Wasserstoff-Ionen im K\u00f6per anziehen oder absto\u00dfen. Die Magnetfelder im K\u00f6rper entstehen immer, wenn sich elektrisch geladene Teilchen bewegen. Und davon gibt es viele Milliarden. Im K\u00f6rper lassen sich zum Beispiel die angesprochenen Wasserstoff-Ionen (<em>H<sup>+<\/sup><\/em>) umlenken.<\/p>\n<p><strong>In den Arteriolen<\/strong> bewirkt die Umlenkung von Wasserstoff-Ionen an die Gef\u00e4\u00dfwand eine Weitung der Gef\u00e4\u00dfmuskulatur. Es kann mehr Blut flie\u00dfen. Man kann das einfach durch eine erh\u00f6hte Hauttemperatur f\u00fchlen und messen.<\/p>\n<p>Das speziell gestaltete <strong>cell<\/strong><em>activa<\/em> <strong>plus<\/strong> Signal sorgt durch seine eFunktion f\u00fcr eine besonders gute Weitung der Arteriolen. Wir nennen den Vorgang <strong>Ionentransport<\/strong>. Die Wirkung bezeichnen wir als einen Teil der <strong>Bio-Physikalische Gef\u00e4\u00dftherapie<\/strong>.<\/p>\n<p><strong>In den Kapillaren<\/strong> bewirkt die Umlenkung von Wasserstoff-Ionen an die Membran eine Aufhebung der dortigen elektrisch negativen Ladung. Das erleichtert es dem Sauerstoff, die Kapillare durch die Membran zu verlassen und zur Zelle zu gelangen. Die Sauerstoffversorgung der Zelle wird gesteigert. Nicht ben\u00f6tigter Sauerstoff wird \u00fcber die Haut wieder abgegeben und das ist ebenfalls messbar.<\/p>\n<p>Das speziell gestaltete <strong>cell<\/strong><em>activa<\/em> <strong>plus<\/strong> Signal sorgt durch seine eFunktion f\u00fcr eine besonders gute Neutralisierung der elektrischen Landung an der Membran. Den Vorgang nennen wir\u00a0 <strong>Ionentransport<\/strong>.<\/p>\n<p><strong>Wir bezeichnen die Wirkung als Bio-Physikalische Sauerstofftherapie<\/strong>.<\/p>\n<p>[\/et_pb_text][\/et_pb_column][\/et_pb_row][et_pb_row column_structure=&#8220;2_5,3_5&#8243; _builder_version=&#8220;4.18.1&#8243; _module_preset=&#8220;default&#8220; global_colors_info=&#8220;{}&#8220;][et_pb_column type=&#8220;2_5&#8243; _builder_version=&#8220;4.18.1&#8243; _module_preset=&#8220;default&#8220; border_radii=&#8220;off|10px|0px|0px|10px&#8220; global_colors_info=&#8220;{}&#8220;][et_pb_image src=&#8220;https:\/\/www.cellactiva.com\/de-de\/wp-content\/uploads\/sites\/2\/2022\/11\/cellactiva_Elektrischer-Strom-und-Elektro-Magnetismus__r.jpg&#8220; title_text=&#8220;cellactiva_Elektrischer-Strom-und-Elektro-Magnetismus__r&#8220; _builder_version=&#8220;4.19.0&#8243; _module_preset=&#8220;default&#8220; border_radii=&#8220;on|10px|10px|10px|10px&#8220; global_colors_info=&#8220;{}&#8220;][\/et_pb_image][\/et_pb_column][et_pb_column type=&#8220;3_5&#8243; _builder_version=&#8220;4.18.1&#8243; _module_preset=&#8220;default&#8220; border_radii=&#8220;off|0px|10px|10px|0px&#8220; global_colors_info=&#8220;{}&#8220;][et_pb_text _builder_version=&#8220;4.18.1&#8243; _module_preset=&#8220;default&#8220; global_colors_info=&#8220;{}&#8220;]<\/p>\n<h2><strong>Resonanz<\/strong><\/h2>\n<p><strong>Wird der elektrische Strom in einem Kabel rhythmisch<\/strong> an- und ausgeschaltet, entsteht ein sogenanntes pulsierendes Magnetfeld. Es hat eine periodische Schwingung (<em>Frequenz<\/em>). Und solche Schwingungen k\u00f6nnen sich fortbewegen und auf andere Dinge \u00fcbertragen.<\/p>\n<p>Die Operns\u00e4ngerin bringt durch ihre Stimme die Luft zum Schwingen. Die Schwingungen \u00fcbertragen sich auf ein Weinglas. Und wenn das Weinglas durch seine Gr\u00f6\u00dfe und Form in der Lage ist mitzuschwingen, dann bezeichnet man das als Resonanzschwingung. Das Weinglas schwingt mit der gleichen Frequenz. Bei entsprechender Energie (<em>Lautst\u00e4rke<\/em>) kann das Weinglas sogar zerspringen.<\/p>\n<p>Resonanzen gibt es auch im K\u00f6rper. Ein negatives Beispiel ist die sehr hohe Frequenz wie sie beispielsweise \u00e4ltere Mobiltelefone ausstrahlen. Sie bringt Atome in der Haut zum Schwingen. Das k\u00f6nnen Sie in Form von W\u00e4rme wahrnehmen.<\/p>\n<p>Ein positives Beispiel ist eine Frequenz von rund 200 Hz. Sie tritt mit Arteriolen in Resonanz und sorgt daf\u00fcr, dass sie leicht vibrieren. Das reduziert den Flie\u00dfwiderstand des Blutes, es kann jetzt schneller flie\u00dfen. Die Durchblutung ist verbessert und sie k\u00f6nnen eine erh\u00f6hte Hauttemperatur messen und f\u00fchlen.<\/p>\n<p>In das speziell gestaltete <strong>cell<\/strong><em>activa<\/em> <strong>plus<\/strong> Signal ist eine Frequenz von rund 200 Hz integriert. Sie bringt die Arteriolen dazu, leicht zu vibrieren und den Blutfluss zu verbessern. Den Vorgang nennen wir <strong>Arteriolische Resonanz<\/strong>.<\/p>\n<p>In das speziell gestaltete <strong>cell<\/strong><em>activa<\/em> <strong>plus<\/strong> Signal ist eine Frequenz von rund 500 Hz integriert. Sie bringt verklumpte rote Blutk\u00f6rperchen dazu, leicht zu vibrieren. Das kann die Verklumpung l\u00f6sen und den Blutfluss zu verbessern. Den Vorgang nennen wir <strong>Erythrozyten Resonanz<\/strong>.<\/p>\n<p><strong>Wir bezeichnen diese Wirkung als einen Teil der Bio-Physikalischen Gef\u00e4\u00dftherapie.<\/strong><\/p>\n<p>[\/et_pb_text][\/et_pb_column][\/et_pb_row][et_pb_row column_structure=&#8220;2_5,3_5&#8243; _builder_version=&#8220;4.18.1&#8243; _module_preset=&#8220;default&#8220; global_colors_info=&#8220;{}&#8220;][et_pb_column type=&#8220;2_5&#8243; _builder_version=&#8220;4.18.1&#8243; _module_preset=&#8220;default&#8220; border_radii=&#8220;off|10px|0px|0px|10px&#8220; global_colors_info=&#8220;{}&#8220;][et_pb_image src=&#8220;https:\/\/www.cellactiva.com\/de-de\/wp-content\/uploads\/sites\/2\/2022\/11\/cellactiva_Schumann_Frequenztherapie_r.jpg&#8220; title_text=&#8220;cellactiva_Schumann_Frequenztherapie_r&#8220; _builder_version=&#8220;4.19.1&#8243; _module_preset=&#8220;default&#8220; border_radii=&#8220;on|10px|10px|10px|10px&#8220; global_colors_info=&#8220;{}&#8220;][\/et_pb_image][\/et_pb_column][et_pb_column type=&#8220;3_5&#8243; _builder_version=&#8220;4.18.1&#8243; _module_preset=&#8220;default&#8220; border_radii=&#8220;off|0px|10px|10px|0px&#8220; global_colors_info=&#8220;{}&#8220;][et_pb_text _builder_version=&#8220;4.18.1&#8243; _module_preset=&#8220;default&#8220; global_colors_info=&#8220;{}&#8220;]<\/p>\n<h2><strong>Information<\/strong><\/h2>\n<p>Ein pulsierendes Magnetfeld kann sogar Informationen \u00fcbertragen. Sie kennen das von einem Radiosender. Die Informationen empfangen Sie im Autoradio.<\/p>\n<p>Auch unser Gehirn arbeitet mit Frequenzen. Sie sind allerdings deutlich niedriger und liegen im Bereich von rund 1-60 Hz. Vielleicht haben Sie schon etwas von den Alphawellen des Gehirns geh\u00f6rt? Das sind Frequenzen zwischen 8 und 14 Hz.<\/p>\n<p>Die Gehirn-Frequenzen sind auch Information, insbesondere f\u00fcr das vegetative Nervensystem und die Zirbeldr\u00fcse. Die 8 Hz im Gehirn stellen die K\u00f6rperfunktionen auf \u201eentspanntes Wachsein\u201c. Frequenzen darunter steuern den Nachtmodus mit Schlaf und Tiefschlaf. Frequenzen dar\u00fcber schalten den Tagesmodus f\u00fcr k\u00f6rperliche und geistige Aktivit\u00e4t ein.<\/p>\n<p>Das Gehirn bekommt von den unterschiedlichen Organen st\u00e4ndig Informationen in Form von Frequenzen. Sie werden nach Frequenz und Intensit\u00e4t bewertet und daraus wird eine durchschnittliche Frequenz errechnet. Kommt nun von au\u00dfen noch eine weitere Frequenz dazu, wird die selbstverst\u00e4ndlich in die Bewertung mit einbezogen.<\/p>\n<p>Das speziell gestaltete <strong>cell<\/strong><em>activa<\/em> <strong>plus<\/strong> Signal hat eine Grundfrequenz von 7,83 Hz. Das ist die sogenannte Schumann-Frequenz, die im Gehirn das \u201eentspannte Wachsein\u201c f\u00f6rdern kann. Den Vorgang nennen wir <strong>Schumann-Resonanz<\/strong>.<\/p>\n<p><strong>Wir bezeichnen die Wirkung als Schumann-Frequenz-Therapie.<\/strong><\/p>\n<p>[\/et_pb_text][\/et_pb_column][\/et_pb_row][\/et_pb_section]<\/p>\n","protected":false},"excerpt":{"rendered":"<p>Die 3 Wirkungen von Magnetfeldern im OrganismusEnergie Vielleicht erinnern sie sich noch an den Physikunterricht, als sie mit einem Magneten einen anderen angezogen oder abgesto\u00dfen haben. Magnete haben ein Kraftfeld, das sogenannte Magnetfeld. Das existiert bei den eben erw\u00e4hnten Permanentmagneten. Aber ein Magnetfeld entsteht auch immer dann, wenn ein elektrischer Strom flie\u00dft. Beim elektrischen Strom [&hellip;]<\/p>\n","protected":false},"author":3,"featured_media":0,"parent":0,"menu_order":0,"comment_status":"closed","ping_status":"closed","template":"","meta":{"_acf_changed":false,"_et_pb_use_builder":"on","_et_pb_old_content":"","_et_gb_content_width":"","footnotes":""},"class_list":["post-326","page","type-page","status-publish","hentry"],"acf":[],"yoast_head":"<!-- This site is optimized with the Yoast SEO plugin v25.3 - https:\/\/yoast.com\/wordpress\/plugins\/seo\/ -->\n<title>Magnetfelder - cellactiva de-DE<\/title>\n<meta name=\"robots\" content=\"index, follow, max-snippet:-1, max-image-preview:large, max-video-preview:-1\" \/>\n<link rel=\"canonical\" href=\"https:\/\/www.cellactiva.com\/de-de\/magnetfelder\/\" \/>\n<meta property=\"og:locale\" content=\"de_DE\" \/>\n<meta property=\"og:type\" content=\"article\" \/>\n<meta property=\"og:title\" content=\"Magnetfelder - cellactiva de-DE\" \/>\n<meta property=\"og:description\" content=\"Die 3 Wirkungen von Magnetfeldern im OrganismusEnergie Vielleicht erinnern sie sich noch an den Physikunterricht, als sie mit einem Magneten einen anderen angezogen oder abgesto\u00dfen haben. Magnete haben ein Kraftfeld, das sogenannte Magnetfeld. Das existiert bei den eben erw\u00e4hnten Permanentmagneten. Aber ein Magnetfeld entsteht auch immer dann, wenn ein elektrischer Strom flie\u00dft. Beim elektrischen Strom [&hellip;]\" \/>\n<meta property=\"og:url\" content=\"https:\/\/www.cellactiva.com\/de-de\/magnetfelder\/\" \/>\n<meta property=\"og:site_name\" content=\"cellactiva de-DE\" \/>\n<meta property=\"article:modified_time\" content=\"2023-08-06T04:51:35+00:00\" \/>\n<meta name=\"twitter:card\" content=\"summary_large_image\" \/>\n<meta name=\"twitter:label1\" content=\"Gesch\u00e4tzte Lesezeit\" \/>\n\t<meta name=\"twitter:data1\" content=\"6\u00a0Minuten\" \/>\n<script type=\"application\/ld+json\" class=\"yoast-schema-graph\">{\"@context\":\"https:\/\/schema.org\",\"@graph\":[{\"@type\":\"WebPage\",\"@id\":\"https:\/\/www.cellactiva.com\/de-de\/magnetfelder\/\",\"url\":\"https:\/\/www.cellactiva.com\/de-de\/magnetfelder\/\",\"name\":\"Magnetfelder - cellactiva de-DE\",\"isPartOf\":{\"@id\":\"https:\/\/www.cellactiva.com\/de-de\/#website\"},\"datePublished\":\"2022-10-13T12:31:07+00:00\",\"dateModified\":\"2023-08-06T04:51:35+00:00\",\"breadcrumb\":{\"@id\":\"https:\/\/www.cellactiva.com\/de-de\/magnetfelder\/#breadcrumb\"},\"inLanguage\":\"de\",\"potentialAction\":[{\"@type\":\"ReadAction\",\"target\":[\"https:\/\/www.cellactiva.com\/de-de\/magnetfelder\/\"]}]},{\"@type\":\"BreadcrumbList\",\"@id\":\"https:\/\/www.cellactiva.com\/de-de\/magnetfelder\/#breadcrumb\",\"itemListElement\":[{\"@type\":\"ListItem\",\"position\":1,\"name\":\"Startseite\",\"item\":\"https:\/\/www.cellactiva.com\/de-de\/\"},{\"@type\":\"ListItem\",\"position\":2,\"name\":\"Magnetfelder\"}]},{\"@type\":\"WebSite\",\"@id\":\"https:\/\/www.cellactiva.com\/de-de\/#website\",\"url\":\"https:\/\/www.cellactiva.com\/de-de\/\",\"name\":\"cellactiva de-DE\",\"description\":\"Bio-Physikalische Gef\u00e4\u00dftherapie\",\"publisher\":{\"@id\":\"https:\/\/www.cellactiva.com\/de-de\/#organization\"},\"potentialAction\":[{\"@type\":\"SearchAction\",\"target\":{\"@type\":\"EntryPoint\",\"urlTemplate\":\"https:\/\/www.cellactiva.com\/de-de\/?s={search_term_string}\"},\"query-input\":{\"@type\":\"PropertyValueSpecification\",\"valueRequired\":true,\"valueName\":\"search_term_string\"}}],\"inLanguage\":\"de\"},{\"@type\":\"Organization\",\"@id\":\"https:\/\/www.cellactiva.com\/de-de\/#organization\",\"name\":\"cellactiva de-DE\",\"url\":\"https:\/\/www.cellactiva.com\/de-de\/\",\"logo\":{\"@type\":\"ImageObject\",\"inLanguage\":\"de\",\"@id\":\"https:\/\/www.cellactiva.com\/de-de\/#\/schema\/logo\/image\/\",\"url\":\"https:\/\/www.cellactiva.com\/de-de\/wp-content\/uploads\/sites\/2\/2022\/10\/cellactiva_Logo_Schrift_.png\",\"contentUrl\":\"https:\/\/www.cellactiva.com\/de-de\/wp-content\/uploads\/sites\/2\/2022\/10\/cellactiva_Logo_Schrift_.png\",\"width\":361,\"height\":54,\"caption\":\"cellactiva de-DE\"},\"image\":{\"@id\":\"https:\/\/www.cellactiva.com\/de-de\/#\/schema\/logo\/image\/\"}}]}<\/script>\n<!-- \/ Yoast SEO plugin. -->","yoast_head_json":{"title":"Magnetfelder - cellactiva de-DE","robots":{"index":"index","follow":"follow","max-snippet":"max-snippet:-1","max-image-preview":"max-image-preview:large","max-video-preview":"max-video-preview:-1"},"canonical":"https:\/\/www.cellactiva.com\/de-de\/magnetfelder\/","og_locale":"de_DE","og_type":"article","og_title":"Magnetfelder - cellactiva de-DE","og_description":"Die 3 Wirkungen von Magnetfeldern im OrganismusEnergie Vielleicht erinnern sie sich noch an den Physikunterricht, als sie mit einem Magneten einen anderen angezogen oder abgesto\u00dfen haben. Magnete haben ein Kraftfeld, das sogenannte Magnetfeld. Das existiert bei den eben erw\u00e4hnten Permanentmagneten. Aber ein Magnetfeld entsteht auch immer dann, wenn ein elektrischer Strom flie\u00dft. Beim elektrischen Strom [&hellip;]","og_url":"https:\/\/www.cellactiva.com\/de-de\/magnetfelder\/","og_site_name":"cellactiva de-DE","article_modified_time":"2023-08-06T04:51:35+00:00","twitter_card":"summary_large_image","twitter_misc":{"Gesch\u00e4tzte Lesezeit":"6\u00a0Minuten"},"schema":{"@context":"https:\/\/schema.org","@graph":[{"@type":"WebPage","@id":"https:\/\/www.cellactiva.com\/de-de\/magnetfelder\/","url":"https:\/\/www.cellactiva.com\/de-de\/magnetfelder\/","name":"Magnetfelder - cellactiva de-DE","isPartOf":{"@id":"https:\/\/www.cellactiva.com\/de-de\/#website"},"datePublished":"2022-10-13T12:31:07+00:00","dateModified":"2023-08-06T04:51:35+00:00","breadcrumb":{"@id":"https:\/\/www.cellactiva.com\/de-de\/magnetfelder\/#breadcrumb"},"inLanguage":"de","potentialAction":[{"@type":"ReadAction","target":["https:\/\/www.cellactiva.com\/de-de\/magnetfelder\/"]}]},{"@type":"BreadcrumbList","@id":"https:\/\/www.cellactiva.com\/de-de\/magnetfelder\/#breadcrumb","itemListElement":[{"@type":"ListItem","position":1,"name":"Startseite","item":"https:\/\/www.cellactiva.com\/de-de\/"},{"@type":"ListItem","position":2,"name":"Magnetfelder"}]},{"@type":"WebSite","@id":"https:\/\/www.cellactiva.com\/de-de\/#website","url":"https:\/\/www.cellactiva.com\/de-de\/","name":"cellactiva de-DE","description":"Bio-Physikalische Gef\u00e4\u00dftherapie","publisher":{"@id":"https:\/\/www.cellactiva.com\/de-de\/#organization"},"potentialAction":[{"@type":"SearchAction","target":{"@type":"EntryPoint","urlTemplate":"https:\/\/www.cellactiva.com\/de-de\/?s={search_term_string}"},"query-input":{"@type":"PropertyValueSpecification","valueRequired":true,"valueName":"search_term_string"}}],"inLanguage":"de"},{"@type":"Organization","@id":"https:\/\/www.cellactiva.com\/de-de\/#organization","name":"cellactiva de-DE","url":"https:\/\/www.cellactiva.com\/de-de\/","logo":{"@type":"ImageObject","inLanguage":"de","@id":"https:\/\/www.cellactiva.com\/de-de\/#\/schema\/logo\/image\/","url":"https:\/\/www.cellactiva.com\/de-de\/wp-content\/uploads\/sites\/2\/2022\/10\/cellactiva_Logo_Schrift_.png","contentUrl":"https:\/\/www.cellactiva.com\/de-de\/wp-content\/uploads\/sites\/2\/2022\/10\/cellactiva_Logo_Schrift_.png","width":361,"height":54,"caption":"cellactiva de-DE"},"image":{"@id":"https:\/\/www.cellactiva.com\/de-de\/#\/schema\/logo\/image\/"}}]}},"_links":{"self":[{"href":"https:\/\/www.cellactiva.com\/de-de\/wp-json\/wp\/v2\/pages\/326","targetHints":{"allow":["GET"]}}],"collection":[{"href":"https:\/\/www.cellactiva.com\/de-de\/wp-json\/wp\/v2\/pages"}],"about":[{"href":"https:\/\/www.cellactiva.com\/de-de\/wp-json\/wp\/v2\/types\/page"}],"author":[{"embeddable":true,"href":"https:\/\/www.cellactiva.com\/de-de\/wp-json\/wp\/v2\/users\/3"}],"replies":[{"embeddable":true,"href":"https:\/\/www.cellactiva.com\/de-de\/wp-json\/wp\/v2\/comments?post=326"}],"version-history":[{"count":7,"href":"https:\/\/www.cellactiva.com\/de-de\/wp-json\/wp\/v2\/pages\/326\/revisions"}],"predecessor-version":[{"id":2550,"href":"https:\/\/www.cellactiva.com\/de-de\/wp-json\/wp\/v2\/pages\/326\/revisions\/2550"}],"wp:attachment":[{"href":"https:\/\/www.cellactiva.com\/de-de\/wp-json\/wp\/v2\/media?parent=326"}],"curies":[{"name":"wp","href":"https:\/\/api.w.org\/{rel}","templated":true}]}}