{"id":3323,"date":"2025-03-27T11:47:57","date_gmt":"2025-03-27T10:47:57","guid":{"rendered":"https:\/\/www.cellactiva.com\/de-de\/?page_id=3323"},"modified":"2025-09-21T06:57:47","modified_gmt":"2025-09-21T04:57:47","slug":"kontakt-vertriebspartner","status":"publish","type":"page","link":"https:\/\/www.cellactiva.com\/de-de\/kontakt-vertriebspartner\/","title":{"rendered":"Kontakt Vertriebspartner"},"content":{"rendered":"<p>[et_pb_section fb_built=&#8220;1&#8243; _builder_version=&#8220;4.19.2&#8243; _module_preset=&#8220;default&#8220; global_colors_info=&#8220;{}&#8220;][et_pb_row column_structure=&#8220;2_5,3_5&#8243; _builder_version=&#8220;4.21.0&#8243; _module_preset=&#8220;default&#8220; global_colors_info=&#8220;{}&#8220;][et_pb_column type=&#8220;2_5&#8243; _builder_version=&#8220;4.21.0&#8243; _module_preset=&#8220;default&#8220; border_radii=&#8220;off|10px|0px|0px|10px&#8220; global_colors_info=&#8220;{}&#8220;][et_pb_image src=&#8220;https:\/\/www.cellactiva.com\/de-de\/wp-content\/uploads\/sites\/2\/2022\/11\/cellactiva_Kontakt__rr.jpg&#8220; title_text=&#8220;cellactiva_Kontakt__rr&#8220; _builder_version=&#8220;4.19.0&#8243; _module_preset=&#8220;default&#8220; border_radii=&#8220;on|10px|10px|10px|10px&#8220; global_colors_info=&#8220;{}&#8220;][\/et_pb_image][\/et_pb_column][et_pb_column type=&#8220;3_5&#8243; _builder_version=&#8220;4.21.0&#8243; _module_preset=&#8220;default&#8220; border_radii=&#8220;off|0px|10px|10px|0px&#8220; global_colors_info=&#8220;{}&#8220;][et_pb_text _builder_version=&#8220;4.27.4&#8243; _module_preset=&#8220;default&#8220; text_font=&#8220;||||||||&#8220; text_text_color=&#8220;#9B111E&#8220; text_font_size=&#8220;28px&#8220; text_line_height=&#8220;1.8em&#8220; header_font=&#8220;||||||||&#8220; header_2_font=&#8220;||||||||&#8220; custom_margin=&#8220;||20px||false|false&#8220; global_colors_info=&#8220;{}&#8220;]<\/p>\n<p style=\"text-align: left;\">Sie wollen cellactiva plus empfehlen und verkaufen?<\/p>\n<p style=\"text-align: left;\">Gerne nehmen wir Sie in unser Vertriebsteam auf. Damit wir Ihre aktuelle T\u00e4tigkeit etwas einsch\u00e4tzen k\u00f6nnen, bitten wir Sie, unter &#8222;Meine aktuelle T\u00e4tigkeit&#8220; eine kurze Beschreibung einzutragen.<\/p>\n<p style=\"text-align: left;\">Wir melden uns zeitnah bei Ihnen.<\/p>\n<p>[\/et_pb_text][et_pb_contact_form email=&#8220;info@cellactiva-vertrieb.com, kontakt@cellactiva.com&#8220; title=&#8220;Bitte tragen Sie hier ihre Daten ein:&#8220; custom_message=&#8220;HEUTE ist ein SCH\u00d6NER TAG,||et_pb_line_break_holder||||et_pb_line_break_holder||wir haben eine VERTRIEBSANFRAGE erhalten.||et_pb_line_break_holder||Bitte kontaktiere den Menschen schnellstm\u00f6glich.||et_pb_line_break_holder||||et_pb_line_break_holder||Unternehmen:    %%Unternehmen%%||et_pb_line_break_holder||Vorname:             %%Vorname%%||et_pb_line_break_holder||Nachname:          %%Name%%||et_pb_line_break_holder||Strasse:                 %%Strasse%%||et_pb_line_break_holder||PLZ:                        %%PLZ%%||et_pb_line_break_holder||Ort:                         %%Ort%%||et_pb_line_break_holder||Email:                     %%Email%%||et_pb_line_break_holder||Telefon:                 %%Telefon%%||et_pb_line_break_holder||Informationen     %%Infos%%||et_pb_line_break_holder||Erreichbarkeit:    %%Erreichbarkeit%% ||et_pb_line_break_holder||Mitteilung:           %%Message%%||et_pb_line_break_holder||||et_pb_line_break_holder||Dein cellactiva-Team||et_pb_line_break_holder||&#8220; success_message=&#8220;Ihre Nachricht wurde erfolgreich gesendet.&#8220; _builder_version=&#8220;4.27.4&#8243; _module_preset=&#8220;default&#8220; _unique_id=&#8220;a160d240-573b-46d5-9234-32d41b6275d0&#8243; captcha_font_size=&#8220;20px&#8220; form_field_font_size=&#8220;16px&#8220; custom_button=&#8220;on&#8220; button_text_color=&#8220;#9B111E&#8220; button_border_color=&#8220;#9B111E&#8220; button_use_icon=&#8220;off&#8220; hover_enabled=&#8220;0&#8243; global_colors_info=&#8220;{}&#8220; sticky_enabled=&#8220;0&#8243;][et_pb_contact_field field_id=&#8220;Unternehmen&#8220; field_title=&#8220;Unternehmen&#8220; required_mark=&#8220;off&#8220; fullwidth_field=&#8220;on&#8220; _builder_version=&#8220;4.27.3&#8243; global_colors_info=&#8220;{}&#8220; button_text_size__hover_enabled=&#8220;off&#8220; button_one_text_size__hover_enabled=&#8220;off&#8220; button_two_text_size__hover_enabled=&#8220;off&#8220; button_text_color__hover_enabled=&#8220;off&#8220; button_one_text_color__hover_enabled=&#8220;off&#8220; button_two_text_color__hover_enabled=&#8220;off&#8220; button_border_width__hover_enabled=&#8220;off&#8220; button_one_border_width__hover_enabled=&#8220;off&#8220; button_two_border_width__hover_enabled=&#8220;off&#8220; button_border_color__hover_enabled=&#8220;off&#8220; button_one_border_color__hover_enabled=&#8220;off&#8220; button_two_border_color__hover_enabled=&#8220;off&#8220; button_border_radius__hover_enabled=&#8220;off&#8220; button_one_border_radius__hover_enabled=&#8220;off&#8220; button_two_border_radius__hover_enabled=&#8220;off&#8220; button_letter_spacing__hover_enabled=&#8220;off&#8220; button_one_letter_spacing__hover_enabled=&#8220;off&#8220; button_two_letter_spacing__hover_enabled=&#8220;off&#8220; button_bg_color__hover_enabled=&#8220;off&#8220; button_one_bg_color__hover_enabled=&#8220;off&#8220; button_two_bg_color__hover_enabled=&#8220;off&#8220;][\/et_pb_contact_field][et_pb_contact_field field_id=&#8220;Vorname&#8220; field_title=&#8220;Vorname *&#8220; _builder_version=&#8220;4.18.1&#8243; global_colors_info=&#8220;{}&#8220; button_text_size__hover_enabled=&#8220;off&#8220; button_one_text_size__hover_enabled=&#8220;off&#8220; button_two_text_size__hover_enabled=&#8220;off&#8220; button_text_color__hover_enabled=&#8220;off&#8220; button_one_text_color__hover_enabled=&#8220;off&#8220; button_two_text_color__hover_enabled=&#8220;off&#8220; button_border_width__hover_enabled=&#8220;off&#8220; button_one_border_width__hover_enabled=&#8220;off&#8220; button_two_border_width__hover_enabled=&#8220;off&#8220; button_border_color__hover_enabled=&#8220;off&#8220; button_one_border_color__hover_enabled=&#8220;off&#8220; button_two_border_color__hover_enabled=&#8220;off&#8220; button_border_radius__hover_enabled=&#8220;off&#8220; button_one_border_radius__hover_enabled=&#8220;off&#8220; button_two_border_radius__hover_enabled=&#8220;off&#8220; button_letter_spacing__hover_enabled=&#8220;off&#8220; button_one_letter_spacing__hover_enabled=&#8220;off&#8220; button_two_letter_spacing__hover_enabled=&#8220;off&#8220; button_bg_color__hover_enabled=&#8220;off&#8220; button_one_bg_color__hover_enabled=&#8220;off&#8220; button_two_bg_color__hover_enabled=&#8220;off&#8220;][\/et_pb_contact_field][et_pb_contact_field field_id=&#8220;Name&#8220; field_title=&#8220;Name *&#8220; _builder_version=&#8220;4.18.1&#8243; global_colors_info=&#8220;{}&#8220; button_text_size__hover_enabled=&#8220;off&#8220; button_one_text_size__hover_enabled=&#8220;off&#8220; button_two_text_size__hover_enabled=&#8220;off&#8220; button_text_color__hover_enabled=&#8220;off&#8220; button_one_text_color__hover_enabled=&#8220;off&#8220; button_two_text_color__hover_enabled=&#8220;off&#8220; button_border_width__hover_enabled=&#8220;off&#8220; button_one_border_width__hover_enabled=&#8220;off&#8220; button_two_border_width__hover_enabled=&#8220;off&#8220; button_border_color__hover_enabled=&#8220;off&#8220; button_one_border_color__hover_enabled=&#8220;off&#8220; button_two_border_color__hover_enabled=&#8220;off&#8220; button_border_radius__hover_enabled=&#8220;off&#8220; button_one_border_radius__hover_enabled=&#8220;off&#8220; button_two_border_radius__hover_enabled=&#8220;off&#8220; button_letter_spacing__hover_enabled=&#8220;off&#8220; button_one_letter_spacing__hover_enabled=&#8220;off&#8220; button_two_letter_spacing__hover_enabled=&#8220;off&#8220; button_bg_color__hover_enabled=&#8220;off&#8220; button_one_bg_color__hover_enabled=&#8220;off&#8220; button_two_bg_color__hover_enabled=&#8220;off&#8220;][\/et_pb_contact_field][et_pb_contact_field field_id=&#8220;Strasse&#8220; field_title=&#8220;Strasse&#8220; required_mark=&#8220;off&#8220; fullwidth_field=&#8220;on&#8220; _builder_version=&#8220;4.21.0&#8243; global_colors_info=&#8220;{}&#8220; button_text_size__hover_enabled=&#8220;off&#8220; button_one_text_size__hover_enabled=&#8220;off&#8220; button_two_text_size__hover_enabled=&#8220;off&#8220; button_text_color__hover_enabled=&#8220;off&#8220; button_one_text_color__hover_enabled=&#8220;off&#8220; button_two_text_color__hover_enabled=&#8220;off&#8220; button_border_width__hover_enabled=&#8220;off&#8220; button_one_border_width__hover_enabled=&#8220;off&#8220; button_two_border_width__hover_enabled=&#8220;off&#8220; button_border_color__hover_enabled=&#8220;off&#8220; button_one_border_color__hover_enabled=&#8220;off&#8220; button_two_border_color__hover_enabled=&#8220;off&#8220; button_border_radius__hover_enabled=&#8220;off&#8220; button_one_border_radius__hover_enabled=&#8220;off&#8220; button_two_border_radius__hover_enabled=&#8220;off&#8220; button_letter_spacing__hover_enabled=&#8220;off&#8220; button_one_letter_spacing__hover_enabled=&#8220;off&#8220; button_two_letter_spacing__hover_enabled=&#8220;off&#8220; button_bg_color__hover_enabled=&#8220;off&#8220; button_one_bg_color__hover_enabled=&#8220;off&#8220; button_two_bg_color__hover_enabled=&#8220;off&#8220;][\/et_pb_contact_field][et_pb_contact_field field_id=&#8220;PLZ&#8220; field_title=&#8220;PLZ&#8220; required_mark=&#8220;off&#8220; _builder_version=&#8220;4.18.0&#8243; global_colors_info=&#8220;{}&#8220; button_text_size__hover_enabled=&#8220;off&#8220; button_one_text_size__hover_enabled=&#8220;off&#8220; button_two_text_size__hover_enabled=&#8220;off&#8220; button_text_color__hover_enabled=&#8220;off&#8220; button_one_text_color__hover_enabled=&#8220;off&#8220; button_two_text_color__hover_enabled=&#8220;off&#8220; button_border_width__hover_enabled=&#8220;off&#8220; button_one_border_width__hover_enabled=&#8220;off&#8220; button_two_border_width__hover_enabled=&#8220;off&#8220; button_border_color__hover_enabled=&#8220;off&#8220; button_one_border_color__hover_enabled=&#8220;off&#8220; button_two_border_color__hover_enabled=&#8220;off&#8220; button_border_radius__hover_enabled=&#8220;off&#8220; button_one_border_radius__hover_enabled=&#8220;off&#8220; button_two_border_radius__hover_enabled=&#8220;off&#8220; button_letter_spacing__hover_enabled=&#8220;off&#8220; button_one_letter_spacing__hover_enabled=&#8220;off&#8220; button_two_letter_spacing__hover_enabled=&#8220;off&#8220; button_bg_color__hover_enabled=&#8220;off&#8220; button_one_bg_color__hover_enabled=&#8220;off&#8220; button_two_bg_color__hover_enabled=&#8220;off&#8220;][\/et_pb_contact_field][et_pb_contact_field field_id=&#8220;Ort&#8220; field_title=&#8220;Ort&#8220; required_mark=&#8220;off&#8220; _builder_version=&#8220;4.18.1&#8243; global_colors_info=&#8220;{}&#8220; button_text_size__hover_enabled=&#8220;off&#8220; button_one_text_size__hover_enabled=&#8220;off&#8220; button_two_text_size__hover_enabled=&#8220;off&#8220; button_text_color__hover_enabled=&#8220;off&#8220; button_one_text_color__hover_enabled=&#8220;off&#8220; button_two_text_color__hover_enabled=&#8220;off&#8220; button_border_width__hover_enabled=&#8220;off&#8220; button_one_border_width__hover_enabled=&#8220;off&#8220; button_two_border_width__hover_enabled=&#8220;off&#8220; button_border_color__hover_enabled=&#8220;off&#8220; button_one_border_color__hover_enabled=&#8220;off&#8220; button_two_border_color__hover_enabled=&#8220;off&#8220; button_border_radius__hover_enabled=&#8220;off&#8220; button_one_border_radius__hover_enabled=&#8220;off&#8220; button_two_border_radius__hover_enabled=&#8220;off&#8220; button_letter_spacing__hover_enabled=&#8220;off&#8220; button_one_letter_spacing__hover_enabled=&#8220;off&#8220; button_two_letter_spacing__hover_enabled=&#8220;off&#8220; button_bg_color__hover_enabled=&#8220;off&#8220; button_one_bg_color__hover_enabled=&#8220;off&#8220; button_two_bg_color__hover_enabled=&#8220;off&#8220;][\/et_pb_contact_field][et_pb_contact_field field_id=&#8220;Email&#8220; field_title=&#8220;E-Mail-Adresse *&#8220; field_type=&#8220;email&#8220; _builder_version=&#8220;4.21.0&#8243; global_colors_info=&#8220;{}&#8220; button_text_size__hover_enabled=&#8220;off&#8220; button_one_text_size__hover_enabled=&#8220;off&#8220; button_two_text_size__hover_enabled=&#8220;off&#8220; button_text_color__hover_enabled=&#8220;off&#8220; button_one_text_color__hover_enabled=&#8220;off&#8220; button_two_text_color__hover_enabled=&#8220;off&#8220; button_border_width__hover_enabled=&#8220;off&#8220; button_one_border_width__hover_enabled=&#8220;off&#8220; button_two_border_width__hover_enabled=&#8220;off&#8220; button_border_color__hover_enabled=&#8220;off&#8220; button_one_border_color__hover_enabled=&#8220;off&#8220; button_two_border_color__hover_enabled=&#8220;off&#8220; button_border_radius__hover_enabled=&#8220;off&#8220; button_one_border_radius__hover_enabled=&#8220;off&#8220; button_two_border_radius__hover_enabled=&#8220;off&#8220; button_letter_spacing__hover_enabled=&#8220;off&#8220; button_one_letter_spacing__hover_enabled=&#8220;off&#8220; button_two_letter_spacing__hover_enabled=&#8220;off&#8220; button_bg_color__hover_enabled=&#8220;off&#8220; button_one_bg_color__hover_enabled=&#8220;off&#8220; button_two_bg_color__hover_enabled=&#8220;off&#8220;][\/et_pb_contact_field][et_pb_contact_field field_id=&#8220;Telefon&#8220; field_title=&#8220;Telefon *&#8220; _builder_version=&#8220;4.19.2&#8243; global_colors_info=&#8220;{}&#8220; button_text_size__hover_enabled=&#8220;off&#8220; button_one_text_size__hover_enabled=&#8220;off&#8220; button_two_text_size__hover_enabled=&#8220;off&#8220; button_text_color__hover_enabled=&#8220;off&#8220; button_one_text_color__hover_enabled=&#8220;off&#8220; button_two_text_color__hover_enabled=&#8220;off&#8220; button_border_width__hover_enabled=&#8220;off&#8220; button_one_border_width__hover_enabled=&#8220;off&#8220; button_two_border_width__hover_enabled=&#8220;off&#8220; button_border_color__hover_enabled=&#8220;off&#8220; button_one_border_color__hover_enabled=&#8220;off&#8220; button_two_border_color__hover_enabled=&#8220;off&#8220; button_border_radius__hover_enabled=&#8220;off&#8220; button_one_border_radius__hover_enabled=&#8220;off&#8220; button_two_border_radius__hover_enabled=&#8220;off&#8220; button_letter_spacing__hover_enabled=&#8220;off&#8220; button_one_letter_spacing__hover_enabled=&#8220;off&#8220; button_two_letter_spacing__hover_enabled=&#8220;off&#8220; button_bg_color__hover_enabled=&#8220;off&#8220; button_one_bg_color__hover_enabled=&#8220;off&#8220; button_two_bg_color__hover_enabled=&#8220;off&#8220;][\/et_pb_contact_field][et_pb_contact_field field_id=&#8220;Infos&#8220; field_title=&#8220;Mich interessiert besonders:&#8220; field_type=&#8220;checkbox&#8220; checkbox_options=&#8220;%91{%22value%22:%22Mich interessiert cellactiva plus f\u00fcr Menschen%22,%22checked%22:0,%22dragID%22:-1},{%22value%22:%22Mich interessiert cellactiva plus f\u00fcr Haustiere%22,%22checked%22:0,%22dragID%22:0},{%22value%22:%221. Ich will Empfehlungen weitergeben%22,%22checked%22:0,%22dragID%22:1},{%22value%22:%222. Ich will neue Kunden vermitteln%22,%22checked%22:0,%22dragID%22:2},{%22value%22:%223. Ich will Kunden betreuen%22,%22checked%22:0,%22dragID%22:3},{%22value%22:%22Den cellactiva Vertrieb will ich hauptberuflich machen%22,%22checked%22:0,%22dragID%22:6},{%22value%22:%22Den cellactiva Vertrieb will ich nebenberuflich machen%22,%22checked%22:0,%22dragID%22:7}%93&#8243; required_mark=&#8220;off&#8220; fullwidth_field=&#8220;on&#8220; _builder_version=&#8220;4.27.4&#8243; _module_preset=&#8220;default&#8220; global_colors_info=&#8220;{}&#8220;][\/et_pb_contact_field][et_pb_contact_field field_id=&#8220;Erreichbarkeit&#8220; field_title=&#8220;Sie erreichen mich %91TAG\/UHRZEIT%93&#8243; required_mark=&#8220;off&#8220; _builder_version=&#8220;4.23.4&#8243; global_colors_info=&#8220;{}&#8220; button_text_size__hover_enabled=&#8220;off&#8220; button_one_text_size__hover_enabled=&#8220;off&#8220; button_two_text_size__hover_enabled=&#8220;off&#8220; button_text_color__hover_enabled=&#8220;off&#8220; button_one_text_color__hover_enabled=&#8220;off&#8220; button_two_text_color__hover_enabled=&#8220;off&#8220; button_border_width__hover_enabled=&#8220;off&#8220; button_one_border_width__hover_enabled=&#8220;off&#8220; button_two_border_width__hover_enabled=&#8220;off&#8220; button_border_color__hover_enabled=&#8220;off&#8220; button_one_border_color__hover_enabled=&#8220;off&#8220; button_two_border_color__hover_enabled=&#8220;off&#8220; button_border_radius__hover_enabled=&#8220;off&#8220; button_one_border_radius__hover_enabled=&#8220;off&#8220; button_two_border_radius__hover_enabled=&#8220;off&#8220; button_letter_spacing__hover_enabled=&#8220;off&#8220; button_one_letter_spacing__hover_enabled=&#8220;off&#8220; button_two_letter_spacing__hover_enabled=&#8220;off&#8220; button_bg_color__hover_enabled=&#8220;off&#8220; button_one_bg_color__hover_enabled=&#8220;off&#8220; button_two_bg_color__hover_enabled=&#8220;off&#8220;][\/et_pb_contact_field][et_pb_contact_field field_id=&#8220;Message&#8220; field_title=&#8220;Meine aktuelle T\u00e4tigkeit&#8220; field_type=&#8220;text&#8220; required_mark=&#8220;off&#8220; fullwidth_field=&#8220;on&#8220; _builder_version=&#8220;4.27.3&#8243; global_colors_info=&#8220;{}&#8220; button_text_size__hover_enabled=&#8220;off&#8220; button_one_text_size__hover_enabled=&#8220;off&#8220; button_two_text_size__hover_enabled=&#8220;off&#8220; button_text_color__hover_enabled=&#8220;off&#8220; button_one_text_color__hover_enabled=&#8220;off&#8220; button_two_text_color__hover_enabled=&#8220;off&#8220; button_border_width__hover_enabled=&#8220;off&#8220; button_one_border_width__hover_enabled=&#8220;off&#8220; button_two_border_width__hover_enabled=&#8220;off&#8220; button_border_color__hover_enabled=&#8220;off&#8220; button_one_border_color__hover_enabled=&#8220;off&#8220; button_two_border_color__hover_enabled=&#8220;off&#8220; button_border_radius__hover_enabled=&#8220;off&#8220; button_one_border_radius__hover_enabled=&#8220;off&#8220; button_two_border_radius__hover_enabled=&#8220;off&#8220; button_letter_spacing__hover_enabled=&#8220;off&#8220; button_one_letter_spacing__hover_enabled=&#8220;off&#8220; button_two_letter_spacing__hover_enabled=&#8220;off&#8220; button_bg_color__hover_enabled=&#8220;off&#8220; button_one_bg_color__hover_enabled=&#8220;off&#8220; button_two_bg_color__hover_enabled=&#8220;off&#8220;][\/et_pb_contact_field][\/et_pb_contact_form][\/et_pb_column][\/et_pb_row][\/et_pb_section]<\/p>\n","protected":false},"excerpt":{"rendered":"<p>Sie wollen cellactiva plus empfehlen und verkaufen? Gerne nehmen wir Sie in unser Vertriebsteam auf. Damit wir Ihre aktuelle T\u00e4tigkeit etwas einsch\u00e4tzen k\u00f6nnen, bitten wir Sie, unter &#8222;Meine aktuelle T\u00e4tigkeit&#8220; eine kurze Beschreibung einzutragen. Wir melden uns zeitnah bei Ihnen.<\/p>\n","protected":false},"author":3,"featured_media":0,"parent":0,"menu_order":0,"comment_status":"closed","ping_status":"closed","template":"","meta":{"_acf_changed":false,"_et_pb_use_builder":"on","_et_pb_old_content":"","_et_gb_content_width":"","footnotes":""},"class_list":["post-3323","page","type-page","status-publish","hentry"],"acf":[],"yoast_head":"<!-- This site is optimized with the Yoast SEO plugin v25.3 - https:\/\/yoast.com\/wordpress\/plugins\/seo\/ -->\n<title>Kontakt Vertriebspartner - cellactiva de-DE<\/title>\n<meta name=\"robots\" content=\"index, follow, max-snippet:-1, max-image-preview:large, max-video-preview:-1\" \/>\n<link rel=\"canonical\" href=\"https:\/\/www.cellactiva.com\/de-de\/kontakt-vertriebspartner\/\" \/>\n<meta property=\"og:locale\" content=\"de_DE\" \/>\n<meta property=\"og:type\" content=\"article\" \/>\n<meta property=\"og:title\" content=\"Kontakt Vertriebspartner - cellactiva de-DE\" \/>\n<meta property=\"og:description\" content=\"Sie wollen cellactiva plus empfehlen und verkaufen? Gerne nehmen wir Sie in unser Vertriebsteam auf. Damit wir Ihre aktuelle T\u00e4tigkeit etwas einsch\u00e4tzen k\u00f6nnen, bitten wir Sie, unter &quot;Meine aktuelle T\u00e4tigkeit&quot; eine kurze Beschreibung einzutragen. Wir melden uns zeitnah bei Ihnen.\" \/>\n<meta property=\"og:url\" content=\"https:\/\/www.cellactiva.com\/de-de\/kontakt-vertriebspartner\/\" \/>\n<meta property=\"og:site_name\" content=\"cellactiva de-DE\" \/>\n<meta property=\"article:modified_time\" content=\"2025-09-21T04:57:47+00:00\" \/>\n<meta name=\"twitter:card\" content=\"summary_large_image\" \/>\n<script type=\"application\/ld+json\" class=\"yoast-schema-graph\">{\"@context\":\"https:\/\/schema.org\",\"@graph\":[{\"@type\":\"WebPage\",\"@id\":\"https:\/\/www.cellactiva.com\/de-de\/kontakt-vertriebspartner\/\",\"url\":\"https:\/\/www.cellactiva.com\/de-de\/kontakt-vertriebspartner\/\",\"name\":\"Kontakt Vertriebspartner - cellactiva de-DE\",\"isPartOf\":{\"@id\":\"https:\/\/www.cellactiva.com\/de-de\/#website\"},\"datePublished\":\"2025-03-27T10:47:57+00:00\",\"dateModified\":\"2025-09-21T04:57:47+00:00\",\"breadcrumb\":{\"@id\":\"https:\/\/www.cellactiva.com\/de-de\/kontakt-vertriebspartner\/#breadcrumb\"},\"inLanguage\":\"de\",\"potentialAction\":[{\"@type\":\"ReadAction\",\"target\":[\"https:\/\/www.cellactiva.com\/de-de\/kontakt-vertriebspartner\/\"]}]},{\"@type\":\"BreadcrumbList\",\"@id\":\"https:\/\/www.cellactiva.com\/de-de\/kontakt-vertriebspartner\/#breadcrumb\",\"itemListElement\":[{\"@type\":\"ListItem\",\"position\":1,\"name\":\"Startseite\",\"item\":\"https:\/\/www.cellactiva.com\/de-de\/\"},{\"@type\":\"ListItem\",\"position\":2,\"name\":\"Kontakt Vertriebspartner\"}]},{\"@type\":\"WebSite\",\"@id\":\"https:\/\/www.cellactiva.com\/de-de\/#website\",\"url\":\"https:\/\/www.cellactiva.com\/de-de\/\",\"name\":\"cellactiva de-DE\",\"description\":\"Bio-Physikalische Gef\u00e4\u00dftherapie\",\"publisher\":{\"@id\":\"https:\/\/www.cellactiva.com\/de-de\/#organization\"},\"potentialAction\":[{\"@type\":\"SearchAction\",\"target\":{\"@type\":\"EntryPoint\",\"urlTemplate\":\"https:\/\/www.cellactiva.com\/de-de\/?s={search_term_string}\"},\"query-input\":{\"@type\":\"PropertyValueSpecification\",\"valueRequired\":true,\"valueName\":\"search_term_string\"}}],\"inLanguage\":\"de\"},{\"@type\":\"Organization\",\"@id\":\"https:\/\/www.cellactiva.com\/de-de\/#organization\",\"name\":\"cellactiva de-DE\",\"url\":\"https:\/\/www.cellactiva.com\/de-de\/\",\"logo\":{\"@type\":\"ImageObject\",\"inLanguage\":\"de\",\"@id\":\"https:\/\/www.cellactiva.com\/de-de\/#\/schema\/logo\/image\/\",\"url\":\"https:\/\/www.cellactiva.com\/de-de\/wp-content\/uploads\/sites\/2\/2022\/10\/cellactiva_Logo_Schrift_.png\",\"contentUrl\":\"https:\/\/www.cellactiva.com\/de-de\/wp-content\/uploads\/sites\/2\/2022\/10\/cellactiva_Logo_Schrift_.png\",\"width\":361,\"height\":54,\"caption\":\"cellactiva de-DE\"},\"image\":{\"@id\":\"https:\/\/www.cellactiva.com\/de-de\/#\/schema\/logo\/image\/\"}}]}<\/script>\n<!-- \/ Yoast SEO plugin. -->","yoast_head_json":{"title":"Kontakt Vertriebspartner - cellactiva de-DE","robots":{"index":"index","follow":"follow","max-snippet":"max-snippet:-1","max-image-preview":"max-image-preview:large","max-video-preview":"max-video-preview:-1"},"canonical":"https:\/\/www.cellactiva.com\/de-de\/kontakt-vertriebspartner\/","og_locale":"de_DE","og_type":"article","og_title":"Kontakt Vertriebspartner - cellactiva de-DE","og_description":"Sie wollen cellactiva plus empfehlen und verkaufen? Gerne nehmen wir Sie in unser Vertriebsteam auf. Damit wir Ihre aktuelle T\u00e4tigkeit etwas einsch\u00e4tzen k\u00f6nnen, bitten wir Sie, unter \"Meine aktuelle T\u00e4tigkeit\" eine kurze Beschreibung einzutragen. Wir melden uns zeitnah bei Ihnen.","og_url":"https:\/\/www.cellactiva.com\/de-de\/kontakt-vertriebspartner\/","og_site_name":"cellactiva de-DE","article_modified_time":"2025-09-21T04:57:47+00:00","twitter_card":"summary_large_image","schema":{"@context":"https:\/\/schema.org","@graph":[{"@type":"WebPage","@id":"https:\/\/www.cellactiva.com\/de-de\/kontakt-vertriebspartner\/","url":"https:\/\/www.cellactiva.com\/de-de\/kontakt-vertriebspartner\/","name":"Kontakt Vertriebspartner - cellactiva de-DE","isPartOf":{"@id":"https:\/\/www.cellactiva.com\/de-de\/#website"},"datePublished":"2025-03-27T10:47:57+00:00","dateModified":"2025-09-21T04:57:47+00:00","breadcrumb":{"@id":"https:\/\/www.cellactiva.com\/de-de\/kontakt-vertriebspartner\/#breadcrumb"},"inLanguage":"de","potentialAction":[{"@type":"ReadAction","target":["https:\/\/www.cellactiva.com\/de-de\/kontakt-vertriebspartner\/"]}]},{"@type":"BreadcrumbList","@id":"https:\/\/www.cellactiva.com\/de-de\/kontakt-vertriebspartner\/#breadcrumb","itemListElement":[{"@type":"ListItem","position":1,"name":"Startseite","item":"https:\/\/www.cellactiva.com\/de-de\/"},{"@type":"ListItem","position":2,"name":"Kontakt Vertriebspartner"}]},{"@type":"WebSite","@id":"https:\/\/www.cellactiva.com\/de-de\/#website","url":"https:\/\/www.cellactiva.com\/de-de\/","name":"cellactiva de-DE","description":"Bio-Physikalische Gef\u00e4\u00dftherapie","publisher":{"@id":"https:\/\/www.cellactiva.com\/de-de\/#organization"},"potentialAction":[{"@type":"SearchAction","target":{"@type":"EntryPoint","urlTemplate":"https:\/\/www.cellactiva.com\/de-de\/?s={search_term_string}"},"query-input":{"@type":"PropertyValueSpecification","valueRequired":true,"valueName":"search_term_string"}}],"inLanguage":"de"},{"@type":"Organization","@id":"https:\/\/www.cellactiva.com\/de-de\/#organization","name":"cellactiva de-DE","url":"https:\/\/www.cellactiva.com\/de-de\/","logo":{"@type":"ImageObject","inLanguage":"de","@id":"https:\/\/www.cellactiva.com\/de-de\/#\/schema\/logo\/image\/","url":"https:\/\/www.cellactiva.com\/de-de\/wp-content\/uploads\/sites\/2\/2022\/10\/cellactiva_Logo_Schrift_.png","contentUrl":"https:\/\/www.cellactiva.com\/de-de\/wp-content\/uploads\/sites\/2\/2022\/10\/cellactiva_Logo_Schrift_.png","width":361,"height":54,"caption":"cellactiva de-DE"},"image":{"@id":"https:\/\/www.cellactiva.com\/de-de\/#\/schema\/logo\/image\/"}}]}},"_links":{"self":[{"href":"https:\/\/www.cellactiva.com\/de-de\/wp-json\/wp\/v2\/pages\/3323","targetHints":{"allow":["GET"]}}],"collection":[{"href":"https:\/\/www.cellactiva.com\/de-de\/wp-json\/wp\/v2\/pages"}],"about":[{"href":"https:\/\/www.cellactiva.com\/de-de\/wp-json\/wp\/v2\/types\/page"}],"author":[{"embeddable":true,"href":"https:\/\/www.cellactiva.com\/de-de\/wp-json\/wp\/v2\/users\/3"}],"replies":[{"embeddable":true,"href":"https:\/\/www.cellactiva.com\/de-de\/wp-json\/wp\/v2\/comments?post=3323"}],"version-history":[{"count":9,"href":"https:\/\/www.cellactiva.com\/de-de\/wp-json\/wp\/v2\/pages\/3323\/revisions"}],"predecessor-version":[{"id":3465,"href":"https:\/\/www.cellactiva.com\/de-de\/wp-json\/wp\/v2\/pages\/3323\/revisions\/3465"}],"wp:attachment":[{"href":"https:\/\/www.cellactiva.com\/de-de\/wp-json\/wp\/v2\/media?parent=3323"}],"curies":[{"name":"wp","href":"https:\/\/api.w.org\/{rel}","templated":true}]}}